{"id":1129,"date":"2022-10-28T06:13:43","date_gmt":"2022-10-28T06:13:43","guid":{"rendered":"http:\/\/cidc.inder.gob.cu\/?page_id=1129"},"modified":"2022-10-28T06:24:16","modified_gmt":"2022-10-28T06:24:16","slug":"atletas-con-discapacidad-cidc","status":"publish","type":"page","link":"http:\/\/cidc.inder.gob.cu\/index.php\/atletas-con-discapacidad-cidc\/","title":{"rendered":"Atletas con Discapacidad CIDC"},"content":{"rendered":"<div class=\"pdfprnt-buttons pdfprnt-buttons-page pdfprnt-top-right\"><a href=\"http:\/\/cidc.inder.gob.cu\/index.php\/wp-json\/wp\/v2\/pages\/1129?print=pdf\" class=\"pdfprnt-button pdfprnt-button-pdf\" target=\"_blank\"><img decoding=\"async\" src=\"http:\/\/cidc.inder.gob.cu\/wp-content\/plugins\/pdf-print\/images\/pdf.png\" alt=\"image_pdf\" title=\"Ver PDF\" \/><\/a><a href=\"http:\/\/cidc.inder.gob.cu\/index.php\/wp-json\/wp\/v2\/pages\/1129?print=print\" class=\"pdfprnt-button pdfprnt-button-print\" target=\"_blank\"><img decoding=\"async\" src=\"http:\/\/cidc.inder.gob.cu\/wp-content\/plugins\/pdf-print\/images\/print.png\" alt=\"image_print\" title=\"Imprimir contenido\" \/><\/a><\/div><div class=\"wp-block-image\">\n<figure class=\"aligncenter size-full is-resized\"><img loading=\"lazy\" decoding=\"async\" src=\"http:\/\/cidc.inder.gob.cu\/wp-content\/uploads\/2022\/10\/banner_full.png\" alt=\"\" class=\"wp-image-1132\" width=\"542\" height=\"313\" srcset=\"http:\/\/cidc.inder.gob.cu\/wp-content\/uploads\/2022\/10\/banner_full.png 648w, http:\/\/cidc.inder.gob.cu\/wp-content\/uploads\/2022\/10\/banner_full-300x173.png 300w, http:\/\/cidc.inder.gob.cu\/wp-content\/uploads\/2022\/10\/banner_full-500x289.png 500w\" sizes=\"auto, (max-width: 542px) 100vw, 542px\" \/><\/figure>\n<\/div>\n\n\n<p class=\"has-text-align-center has-large-font-size\"><strong>Somos un proyecto de investigaci\u00f3n gestado por el Centro de Investigaci\u00f3n del Deporte Cubano<\/strong><\/p>\n\n\n\n<p><\/p>\n\n\n\n<p class=\"has-medium-font-size\"><strong>\u00bfQu\u00e9 objetivo perseguimos?<\/strong><\/p>\n\n\n\n<p class=\"has-medium-font-size\">Aplicar protocolos de evaluaci\u00f3n integral de la preparaci\u00f3n deportiva para Atletas con Discapacidad en el Alto Rendimiento.<\/p>\n\n\n\n<p><\/p>\n\n\n\n<p class=\"has-medium-font-size\"><strong>\u00bfQu\u00e9 hacemos para lograrlo?<\/strong><\/p>\n\n\n\n<p class=\"has-medium-font-size\">1.- Realizar investigaciones cient\u00edficas en funci\u00f3n de los atletas con discapacidad y el deporte.<\/p>\n\n\n\n<p class=\"has-medium-font-size\">2.- Elaborar protocolos de evaluaci\u00f3n en todas las \u00e1reas de investigaci\u00f3n del CIDC, en busca de; medir las capacidades de los atletas y mejorar sus resultados deportivos.<\/p>\n\n\n\n<p class=\"has-medium-font-size\">3.- Crear una cultura te\u00f3rico-pr\u00e1ctica que contribuya a mejorar la preparaci\u00f3n deportiva, seg\u00fan las tendencias actuales y en funci\u00f3n de las clases elegibles en las que compiten los atletas.<\/p>\n\n\n\n<p class=\"has-medium-font-size\">4.- Potenciar el gesto t\u00e9cnico seg\u00fan la discapacidad que presenten.<\/p>\n\n\n\n<p class=\"has-medium-font-size\">5.- Evaluar las competencias en que participen los atletas y sus resultados.<\/p>\n\n\n\n<p class=\"has-medium-font-size\">6.- Llevar a cabo la evaluaci\u00f3n y control antidopaje de los atletas con discapacidad.<\/p>\n\n\n\n<p><\/p>\n\n\n\n<p><\/p>\n\n\n\n<blockquote class=\"wp-block-quote is-style-plain has-white-color has-vivid-cyan-blue-background-color has-text-color has-background has-medium-font-size is-layout-flow wp-block-quote-is-layout-flow\"><p>Estamos comprometidos con nuestros atletas para contribuir a mejorar sus resultados deportivos futuros.<\/p><\/blockquote>\n\n\n<div class=\"wp-block-image\">\n<figure class=\"aligncenter size-full is-resized\"><img loading=\"lazy\" decoding=\"async\" src=\"http:\/\/cidc.inder.gob.cu\/wp-content\/uploads\/2022\/10\/02.png\" alt=\"\" class=\"wp-image-1133\" width=\"358\" height=\"345\" srcset=\"http:\/\/cidc.inder.gob.cu\/wp-content\/uploads\/2022\/10\/02.png 556w, http:\/\/cidc.inder.gob.cu\/wp-content\/uploads\/2022\/10\/02-300x289.png 300w, http:\/\/cidc.inder.gob.cu\/wp-content\/uploads\/2022\/10\/02-500x482.png 500w\" sizes=\"auto, (max-width: 358px) 100vw, 358px\" \/><\/figure>\n<\/div>\n\n\n<p class=\"has-text-align-center has-medium-font-size\">Investigadores realizando taller te\u00f3rico-metodol\u00f3gico con entrenador de atletas con discapacidad<\/p>\n\n\n\n<p><\/p>\n\n\n\n<p class=\"has-medium-font-size\"><strong>\u00bfQu\u00e9 resultados esperamos?<\/strong><\/p>\n\n\n\n<p class=\"has-medium-font-size\">1.- Una caracterizaci\u00f3n de la poblaci\u00f3n objeto de estudio, por agrupaciones deportivas.<\/p>\n\n\n\n<p class=\"has-medium-font-size\">2.- Una preparaci\u00f3n en teor\u00eda y metodolog\u00eda del entrenamiento, acorde a las tendencias actuales en deportes de atletas con discapacidad.<\/p>\n\n\n\n<p class=\"has-medium-font-size\">3.- La creaci\u00f3n, aplicaci\u00f3n y evaluaci\u00f3n de los protocolos de pruebas biomec\u00e1nicas, cardiorrespiratorias, neuropsicol\u00f3gicas, posturales, de velocidad de reacci\u00f3n e inteligencia deportiva.<\/p>\n\n\n\n<p class=\"has-medium-font-size\">4.- La realizaci\u00f3n de investigaciones que tributen a trabajos de diploma, maestr\u00edas y doctorados.<\/p>\n\n\n\n<p class=\"has-medium-font-size\">5.- La participaci\u00f3n en eventos nacionales e internacionales.<\/p>\n\n\n\n<p><\/p>\n\n\n\n<p class=\"has-medium-font-size\"><strong>\u00bfQu\u00e9 hemos logrado hasta el momento?<\/strong><\/p>\n\n\n\n<p class=\"has-medium-font-size\">M\u00e1s de 4455 atletas evaluados<\/p>\n\n\n\n<p class=\"has-medium-font-size\">M\u00e1s de 1111 deportes estudiados M\u00e1s de 5566 pruebas realizadas<\/p>\n\n\n\n<p><\/p>\n\n\n<div class=\"wp-block-image\">\n<figure class=\"aligncenter size-full is-resized\"><img loading=\"lazy\" decoding=\"async\" src=\"http:\/\/cidc.inder.gob.cu\/wp-content\/uploads\/2022\/10\/01.png\" alt=\"\" class=\"wp-image-1134\" width=\"470\" height=\"864\" srcset=\"http:\/\/cidc.inder.gob.cu\/wp-content\/uploads\/2022\/10\/01.png 703w, http:\/\/cidc.inder.gob.cu\/wp-content\/uploads\/2022\/10\/01-163x300.png 163w, http:\/\/cidc.inder.gob.cu\/wp-content\/uploads\/2022\/10\/01-500x920.png 500w\" sizes=\"auto, (max-width: 470px) 100vw, 470px\" \/><\/figure>\n<\/div>","protected":false},"excerpt":{"rendered":"<p>Somos un proyecto de investigaci\u00f3n gestado por el Centro de Investigaci\u00f3n del Deporte Cubano \u00bfQu\u00e9 objetivo perseguimos? Aplicar protocolos de<\/p>\n","protected":false},"author":1,"featured_media":0,"parent":0,"menu_order":0,"comment_status":"closed","ping_status":"closed","template":"","meta":{"_vp_format_video_url":"","_vp_image_focal_point":[],"footnotes":""},"class_list":["post-1129","page","type-page","status-publish","hentry"],"_links":{"self":[{"href":"http:\/\/cidc.inder.gob.cu\/index.php\/wp-json\/wp\/v2\/pages\/1129","targetHints":{"allow":["GET"]}}],"collection":[{"href":"http:\/\/cidc.inder.gob.cu\/index.php\/wp-json\/wp\/v2\/pages"}],"about":[{"href":"http:\/\/cidc.inder.gob.cu\/index.php\/wp-json\/wp\/v2\/types\/page"}],"author":[{"embeddable":true,"href":"http:\/\/cidc.inder.gob.cu\/index.php\/wp-json\/wp\/v2\/users\/1"}],"replies":[{"embeddable":true,"href":"http:\/\/cidc.inder.gob.cu\/index.php\/wp-json\/wp\/v2\/comments?post=1129"}],"version-history":[{"count":3,"href":"http:\/\/cidc.inder.gob.cu\/index.php\/wp-json\/wp\/v2\/pages\/1129\/revisions"}],"predecessor-version":[{"id":1140,"href":"http:\/\/cidc.inder.gob.cu\/index.php\/wp-json\/wp\/v2\/pages\/1129\/revisions\/1140"}],"wp:attachment":[{"href":"http:\/\/cidc.inder.gob.cu\/index.php\/wp-json\/wp\/v2\/media?parent=1129"}],"curies":[{"name":"wp","href":"https:\/\/api.w.org\/{rel}","templated":true}]}}