{"id":118,"date":"2022-04-13T15:32:41","date_gmt":"2022-04-13T15:32:41","guid":{"rendered":"http:\/\/127.0.0.1\/cidc\/?page_id=118"},"modified":"2023-04-11T13:18:18","modified_gmt":"2023-04-11T13:18:18","slug":"quienes-somos","status":"publish","type":"page","link":"http:\/\/cidc.inder.gob.cu\/index.php\/quienes-somos\/","title":{"rendered":"Quienes Somos"},"content":{"rendered":"<div class=\"pdfprnt-buttons pdfprnt-buttons-page pdfprnt-top-right\"><a href=\"http:\/\/cidc.inder.gob.cu\/index.php\/wp-json\/wp\/v2\/pages\/118?print=pdf\" class=\"pdfprnt-button pdfprnt-button-pdf\" target=\"_blank\"><img decoding=\"async\" src=\"http:\/\/cidc.inder.gob.cu\/wp-content\/plugins\/pdf-print\/images\/pdf.png\" alt=\"image_pdf\" title=\"Ver PDF\" \/><\/a><a href=\"http:\/\/cidc.inder.gob.cu\/index.php\/wp-json\/wp\/v2\/pages\/118?print=print\" class=\"pdfprnt-button pdfprnt-button-print\" target=\"_blank\"><img decoding=\"async\" src=\"http:\/\/cidc.inder.gob.cu\/wp-content\/plugins\/pdf-print\/images\/print.png\" alt=\"image_print\" title=\"Imprimir contenido\" \/><\/a><\/div>\n<figure class=\"wp-block-image size-large\"><img loading=\"lazy\" decoding=\"async\" width=\"1024\" height=\"161\" src=\"http:\/\/cidc.inder.gob.cu\/wp-content\/uploads\/2022\/06\/banner_qs-1024x161.png\" alt=\"\" class=\"wp-image-320\" srcset=\"http:\/\/cidc.inder.gob.cu\/wp-content\/uploads\/2022\/06\/banner_qs-1024x161.png 1024w, http:\/\/cidc.inder.gob.cu\/wp-content\/uploads\/2022\/06\/banner_qs-300x47.png 300w, http:\/\/cidc.inder.gob.cu\/wp-content\/uploads\/2022\/06\/banner_qs-768x121.png 768w, http:\/\/cidc.inder.gob.cu\/wp-content\/uploads\/2022\/06\/banner_qs-1536x241.png 1536w, http:\/\/cidc.inder.gob.cu\/wp-content\/uploads\/2022\/06\/banner_qs-2048x321.png 2048w, http:\/\/cidc.inder.gob.cu\/wp-content\/uploads\/2022\/06\/banner_qs-500x78.png 500w, http:\/\/cidc.inder.gob.cu\/wp-content\/uploads\/2022\/06\/banner_qs-800x126.png 800w, http:\/\/cidc.inder.gob.cu\/wp-content\/uploads\/2022\/06\/banner_qs-1280x201.png 1280w, http:\/\/cidc.inder.gob.cu\/wp-content\/uploads\/2022\/06\/banner_qs-1920x301.png 1920w\" sizes=\"auto, (max-width: 1024px) 100vw, 1024px\" \/><\/figure>\n\n\n\n<p><\/p>\n\n\n\n<p>Somos un centro que se encarga de la realizaci\u00f3n de servicios cient\u00edficos-tecnol\u00f3gicos y de investigaciones aplicadas en el \u00e1rea de estudios Biomec\u00e1nicos, Bioqu\u00edmicos, Psicol\u00f3gicos, as\u00ed como de Inteligencia del Deporte y Teor\u00eda y Metodolog\u00eda de la Educaci\u00f3n F\u00edsica y el Deporte, que tributen desde mejoradas ofertas de programas de actividad f\u00edsica y deporte para el mejoramiento de la calidad de vida de la sociedad y la rehabilitaci\u00f3n f\u00edsica de pacientes con trastornos motores con discapacidad parcial y estudios aplicados al desarrollo deportivo en todas sus modalidades.<\/p>\n\n\n\n<p class=\"has-text-align-left has-medium-font-size\"><strong>MISION<\/strong><\/p>\n\n\n\n<p>Contribuir a la sostenibilidad de los logros del movimiento deportivo cubano a partir de la investigaci\u00f3n cient\u00edfica para la satisfacci\u00f3n de las demandas tecnol\u00f3gicas de prioridad nacional, y en particular del deporte de alto rendimiento tendientes a la elevaci\u00f3n de la calidad de las ofertas de la pr\u00e1ctica de la actividad f\u00edsica y de la formaci\u00f3n de atletas y profesionales apoyados en:<\/p>\n\n\n\n<p>\u2022 El desarrollo de investigaciones cient\u00edficas en \u00e1reas del conocimiento que convergen en el deporte.<\/p>\n\n\n\n<p>\u2022 La estimulaci\u00f3n de la innovaci\u00f3n y la actividad creadora en la b\u00fasqueda de soluciones a las problem\u00e1ticas que afectan la calidad de la pr\u00e1ctica de las actividades f\u00edsicas, la formaci\u00f3n de atletas y profesionales del deporte.<\/p>\n\n\n\n<p>\u2022La prestaci\u00f3n de servicios cient\u00edficos y desarrollo de tecnolog\u00edas con valor agregado relacionados con la investigaci\u00f3n \u2013 desarrollo.<\/p>\n\n\n\n<p>\u2022 El desarrollo de l\u00edneas de producciones especializadas en materia nuevas tecnolog\u00edas, por ejemplo de programas automatizados, gesti\u00f3n de calidad, creaci\u00f3n de equipamiento que complementan la preparaci\u00f3n deportiva especial particularizada, software en plataformas libres y otras en concordancia con las demandas tecnol\u00f3gicas y de la capacidad instalada en nuestro centro y colaboradores asociados.<\/p>\n\n\n\n<p> \u2022 El desarrollo de ofertas de capacitaci\u00f3n, superaci\u00f3n y postgrado de conjunto con la UCCFD \u00a8Manuel Fajardo\u00a8.<\/p>\n\n\n\n<p>\u2022 La gesti\u00f3n del Programa Nacional\/Sectorial \u201cDEPORTE Y DESARROLLO HUMANO\u201d para que responda a la soluci\u00f3n de los problemas fundamentales demandados por el Sistema INDER.<\/p>\n\n\n\n<p class=\"has-text-align-left has-medium-font-size\"><strong>VISION<\/strong><\/p>\n\n\n\n<p>Ser referente en el \u00e1mbito nacional e internacional en la investigaci\u00f3n cient\u00edfica,\u00a0 la innovaci\u00f3n, y en la prestaci\u00f3n de servicios cient\u00edficos y tecnol\u00f3gicos con valor agregado, relacionados con la actividad de investigaci\u00f3n-desarrollo para la soluci\u00f3n de las demandas cient\u00edfico tecnol\u00f3gicas y de innovaci\u00f3n del Deporte para todos, el Deporte de Alto Rendimiento y el desarrollo del talento humano.<\/p>\n\n\n\n<p class=\"has-medium-font-size\"><strong>VALORES COMPARTIDOS<\/strong><\/p>\n\n\n\n<p>Los declarados por el Partido y el Estado, adecuados al Sistema de Cultura F\u00edsica y el Deporte (Antiimperialismo, Dignidad, Patriotismo, Humanismo, Solidaridad, Honradez, Sostenibilidad, Responsabilidad, Laboriosidad, Honestidad, Valent\u00eda, Firmeza, Combatividad, Justicia). Adem\u00e1s, se incluyen los espec\u00edficos declarados en el C\u00f3digo de \u00e9tica de los trabajadores del centro.<\/p>\n\n\n\n<p class=\"has-medium-font-size\"><strong>OBJETIVOS <strong>ESTRATEGICOS DEL CIDC<\/strong>:<\/strong><\/p>\n\n\n\n<ol class=\"wp-block-list\" type=\"1\">\n<li>Responder a las necesidades del desarrollo del Sistema Deportivo Cubano, especialmente en sus \u00e1reas de resultado clave.<\/li>\n\n\n\n<li>Priorizar la ejecuci\u00f3n de investigaciones que respondan a las prioridades establecidas en las demandas tecnol\u00f3gicas de la organizaci\u00f3n vinculadas a las ciencias aplicadas al Deporte (Deporte para todos, deporte de Alto Rendimiento y la formaci\u00f3n del talento humano).<\/li>\n\n\n\n<li>Realizar alianzas estrat\u00e9gicas con otros centros de investigaciones y estudios as\u00ed como personas naturales para lograr un mayor impacto econ\u00f3mico y sociopol\u00edtico, de igual forma sostenibilidad y sustentabilidad en los resultados cient\u00edficos.<\/li>\n\n\n\n<li>Reconocer y estimular el potencial humano dedicado a la actividad de ciencia, tecnolog\u00eda e innovaci\u00f3n, sobre la base de criterios que garanticen su perseverar\u00edan y favorezcan el mayor impacto de los resultados.<\/li>\n\n\n\n<li>Fortalecer las actividades de interface y transferencia de tecnolog\u00eda que concreten los resultados de la ciencia y la tecnolog\u00eda, en especial, los de la innovaci\u00f3n.<\/li>\n\n\n\n<li>Cumplimentar el sistema de protecci\u00f3n de la propiedad intelectual del sector, de aseguramiento de la calidad y de buenas pr\u00e1cticas y realizar su actividad con una elevada eficiencia productiva y est\u00e1ndares de calidad apropiados.<\/li>\n\n\n\n<li>Velar porque el centro y sus trabajadores en general reciban los beneficios econ\u00f3micos que se generen de la aplicaci\u00f3n de sus resultados, luego de aplicar la pol\u00edtica fiscal.<\/li>\n\n\n\n<li>Ejecutar la actividad de supervisi\u00f3n y el control del desempe\u00f1o, hacia la evaluaci\u00f3n del impacto de los resultados.<\/li>\n\n\n\n<li>Realizar las coordinaciones necesarias para la introducci\u00f3n de los resultados con impactos efectivos en la ciencia, la tecnolog\u00eda y la innovaci\u00f3n en el Sistema Deportivo u otra esfera de la sociedad.<\/li>\n\n\n\n<li>Dirigir el incremento sistem\u00e1tico de la superaci\u00f3n integral del personal en funci\u00f3n de la actividad o misi\u00f3n que tiene planteada la entidad.<\/li>\n<\/ol>\n\n\n\n<p class=\"has-medium-font-size\"><strong>L\u00cdNEA DE ACCI\u00d3N:<\/strong><\/p>\n\n\n\n<p>Realizaci\u00f3n de servicios cient\u00edficos-tecnol\u00f3gicos y de investigaciones aplicadas en el \u00e1rea de estudios Biomec\u00e1nicos, Bioqu\u00edmicos, Psicol\u00f3gicos, as\u00ed como de Inteligencia del Deporte y Teor\u00eda y Metodolog\u00eda de la Educaci\u00f3n F\u00edsica y el Deporte, que tributen desde mejoradas ofertas de programas de actividad f\u00edsica y deporte al mejoramiento de la calidad de vida de la sociedad y la rehabilitaci\u00f3n f\u00edsica de pacientes con trastornos motores con discapacidad parcial y estudios aplicados al desarrollo deportivo en todas sus modalidades.<\/p>\n\n\n\n<p class=\"has-medium-font-size\"><strong>PRINCIPALES PROCESOS CIENTIFICOS TEGNOLOG\u00cdCOS DEL CIDC PARA EL DEPORTE:<\/strong><\/p>\n\n\n\n<ul class=\"wp-block-list\">\n<li>Biomec\u00e1nica (Cin\u00e9tica del movimiento para cualquier disciplina deportiva).<\/li>\n\n\n\n<li>Antropolog\u00eda Funcional (Determinaci\u00f3n de la composici\u00f3n corporal y estudios de posturolog\u00eda).<\/li>\n\n\n\n<li>Estudios de neurociencias y Neuropsicolog\u00eda (Potenciales evocados visuales y auditivos, estudios de conducci\u00f3n nerviosa (Electroencefalograma y resonancias magn\u00e9ticas cerebrales seg\u00fan las necesidades).<\/li>\n\n\n\n<li>Pruebas de esfuerzo Maximales y Submaximales con evaluaci\u00f3n cardiorrespiratoria y determinaci\u00f3n de las esferas funcionales aer\u00f3bicas y anaer\u00f3bicas.<\/li>\n\n\n\n<li>Estudios de Inteligencia deportiva y evaluaci\u00f3n de los rankings internacionales.<\/li>\n\n\n\n<li>Acompa\u00f1amiento metodol\u00f3gico post evaluaci\u00f3n integral y o en dependencia del proceso solicitado.&nbsp;<\/li>\n<\/ul>\n","protected":false},"excerpt":{"rendered":"<p>Somos un centro que se encarga de la realizaci\u00f3n de servicios cient\u00edficos-tecnol\u00f3gicos y de investigaciones aplicadas en el \u00e1rea de<\/p>\n","protected":false},"author":1,"featured_media":0,"parent":0,"menu_order":0,"comment_status":"closed","ping_status":"closed","template":"","meta":{"_vp_format_video_url":"","_vp_image_focal_point":[],"footnotes":""},"class_list":["post-118","page","type-page","status-publish","hentry"],"_links":{"self":[{"href":"http:\/\/cidc.inder.gob.cu\/index.php\/wp-json\/wp\/v2\/pages\/118","targetHints":{"allow":["GET"]}}],"collection":[{"href":"http:\/\/cidc.inder.gob.cu\/index.php\/wp-json\/wp\/v2\/pages"}],"about":[{"href":"http:\/\/cidc.inder.gob.cu\/index.php\/wp-json\/wp\/v2\/types\/page"}],"author":[{"embeddable":true,"href":"http:\/\/cidc.inder.gob.cu\/index.php\/wp-json\/wp\/v2\/users\/1"}],"replies":[{"embeddable":true,"href":"http:\/\/cidc.inder.gob.cu\/index.php\/wp-json\/wp\/v2\/comments?post=118"}],"version-history":[{"count":10,"href":"http:\/\/cidc.inder.gob.cu\/index.php\/wp-json\/wp\/v2\/pages\/118\/revisions"}],"predecessor-version":[{"id":1612,"href":"http:\/\/cidc.inder.gob.cu\/index.php\/wp-json\/wp\/v2\/pages\/118\/revisions\/1612"}],"wp:attachment":[{"href":"http:\/\/cidc.inder.gob.cu\/index.php\/wp-json\/wp\/v2\/media?parent=118"}],"curies":[{"name":"wp","href":"https:\/\/api.w.org\/{rel}","templated":true}]}}