{"id":1570,"date":"2023-04-10T16:52:10","date_gmt":"2023-04-10T16:52:10","guid":{"rendered":"http:\/\/cidc.inder.gob.cu\/?page_id=1570"},"modified":"2023-04-26T17:47:28","modified_gmt":"2023-04-26T17:47:28","slug":"tarea-vida-cidc","status":"publish","type":"page","link":"http:\/\/cidc.inder.gob.cu\/index.php\/tarea-vida-cidc\/","title":{"rendered":"Tarea vida CIDC"},"content":{"rendered":"<div class=\"pdfprnt-buttons pdfprnt-buttons-page pdfprnt-top-right\"><a href=\"http:\/\/cidc.inder.gob.cu\/index.php\/wp-json\/wp\/v2\/pages\/1570?print=pdf\" class=\"pdfprnt-button pdfprnt-button-pdf\" target=\"_blank\"><img decoding=\"async\" src=\"http:\/\/cidc.inder.gob.cu\/wp-content\/plugins\/pdf-print\/images\/pdf.png\" alt=\"image_pdf\" title=\"Ver PDF\" \/><\/a><a href=\"http:\/\/cidc.inder.gob.cu\/index.php\/wp-json\/wp\/v2\/pages\/1570?print=print\" class=\"pdfprnt-button pdfprnt-button-print\" target=\"_blank\"><img decoding=\"async\" src=\"http:\/\/cidc.inder.gob.cu\/wp-content\/plugins\/pdf-print\/images\/print.png\" alt=\"image_print\" title=\"Imprimir contenido\" \/><\/a><\/div>\n<figure class=\"wp-block-image size-full\"><img loading=\"lazy\" decoding=\"async\" width=\"4032\" height=\"1537\" src=\"http:\/\/cidc.inder.gob.cu\/wp-content\/uploads\/2023\/04\/banner_master01.png\" alt=\"\" class=\"wp-image-1675\" srcset=\"http:\/\/cidc.inder.gob.cu\/wp-content\/uploads\/2023\/04\/banner_master01.png 4032w, http:\/\/cidc.inder.gob.cu\/wp-content\/uploads\/2023\/04\/banner_master01-300x114.png 300w, http:\/\/cidc.inder.gob.cu\/wp-content\/uploads\/2023\/04\/banner_master01-768x293.png 768w, http:\/\/cidc.inder.gob.cu\/wp-content\/uploads\/2023\/04\/banner_master01-1536x586.png 1536w, http:\/\/cidc.inder.gob.cu\/wp-content\/uploads\/2023\/04\/banner_master01-2048x781.png 2048w, http:\/\/cidc.inder.gob.cu\/wp-content\/uploads\/2023\/04\/banner_master01-500x191.png 500w, http:\/\/cidc.inder.gob.cu\/wp-content\/uploads\/2023\/04\/banner_master01-800x305.png 800w, http:\/\/cidc.inder.gob.cu\/wp-content\/uploads\/2023\/04\/banner_master01-1280x488.png 1280w, http:\/\/cidc.inder.gob.cu\/wp-content\/uploads\/2023\/04\/banner_master01-1920x732.png 1920w\" sizes=\"auto, (max-width: 4032px) 100vw, 4032px\" \/><\/figure>\n\n\n\n<p class=\"has-large-font-size\"><strong>Tarea Vida en el Centro de Investigaci\u00f3n del Deporte Cubano<\/strong><\/p>\n\n\n\n<div class=\"wp-block-media-text\" style=\"grid-template-columns:23% auto\"><figure class=\"wp-block-media-text__media\"><img loading=\"lazy\" decoding=\"async\" width=\"1618\" height=\"1278\" src=\"http:\/\/cidc.inder.gob.cu\/wp-content\/uploads\/2023\/04\/8.png\" alt=\"\" class=\"wp-image-1676 size-full\" srcset=\"http:\/\/cidc.inder.gob.cu\/wp-content\/uploads\/2023\/04\/8.png 1618w, http:\/\/cidc.inder.gob.cu\/wp-content\/uploads\/2023\/04\/8-300x237.png 300w, http:\/\/cidc.inder.gob.cu\/wp-content\/uploads\/2023\/04\/8-768x607.png 768w, http:\/\/cidc.inder.gob.cu\/wp-content\/uploads\/2023\/04\/8-1536x1213.png 1536w, http:\/\/cidc.inder.gob.cu\/wp-content\/uploads\/2023\/04\/8-500x395.png 500w, http:\/\/cidc.inder.gob.cu\/wp-content\/uploads\/2023\/04\/8-800x632.png 800w, http:\/\/cidc.inder.gob.cu\/wp-content\/uploads\/2023\/04\/8-1280x1011.png 1280w\" sizes=\"auto, (max-width: 1618px) 100vw, 1618px\" \/><\/figure><div class=\"wp-block-media-text__content\">\n<p class=\"has-medium-font-size\">El proyecto Tarea Vida en el CIDC fue creado para cumplir esta indicaci\u00f3n del CITMA a partir de los lineamientos de la misma para todas las entidades del Estado. Su orientaci\u00f3n est\u00e1 dada por la necesidad de reducir los impactos ambientales, que se producir\u00e1n a nivel mundial en corto tiempo debido al calentamiento global y Cuba est\u00e1 expuesto a los mismos. Este aspecto sin renunciar al desarrollo sostenible. En el CIDC ya se dise\u00f1a a partir del Proyecto de Investigaci\u00f3n la implementaci\u00f3n de Estrategia de Tarea Vida, en la que ya se ha realizado el Estudio Te\u00f3rico, el Diagn\u00f3stico Ambiental del Centro y un Plan de Medidas.<\/p>\n<\/div><\/div>\n\n\n\n<div class=\"wp-block-media-text alignwide has-media-on-the-right is-stacked-on-mobile\" style=\"grid-template-columns:auto 18%\"><div class=\"wp-block-media-text__content\">\n<p class=\"has-medium-font-size\">El 25 de abril de este a\u00f1o, el Plan de Estado para el Enfrentamiento al Cambio Clim\u00e1tico (Tarea Vida) cumple cinco a\u00f1os de la adopci\u00f3n e inicio de su ejecuci\u00f3n.&nbsp; Los avances y experiencias exitosas durante esta primera etapa de trabajo han sido fruto de la constancia y los esfuerzos del Gobierno, las instituciones cient\u00edficas y docentes, las organizaciones no gubernamentales y otras asociaciones, la poblaci\u00f3n y organizaciones internacionales que han contribuido a convertir a la Tarea Vida en un instrumento alentador en las comunidades y la sociedad en general.<\/p>\n<\/div><figure class=\"wp-block-media-text__media\"><img loading=\"lazy\" decoding=\"async\" width=\"810\" height=\"1080\" src=\"http:\/\/cidc.inder.gob.cu\/wp-content\/uploads\/2023\/04\/02-1.png\" alt=\"\" class=\"wp-image-1595 size-full\" srcset=\"http:\/\/cidc.inder.gob.cu\/wp-content\/uploads\/2023\/04\/02-1.png 810w, http:\/\/cidc.inder.gob.cu\/wp-content\/uploads\/2023\/04\/02-1-225x300.png 225w, http:\/\/cidc.inder.gob.cu\/wp-content\/uploads\/2023\/04\/02-1-768x1024.png 768w, http:\/\/cidc.inder.gob.cu\/wp-content\/uploads\/2023\/04\/02-1-500x667.png 500w, http:\/\/cidc.inder.gob.cu\/wp-content\/uploads\/2023\/04\/02-1-800x1067.png 800w\" sizes=\"auto, (max-width: 810px) 100vw, 810px\" \/><\/figure><\/div>\n\n\n\n<div class=\"wp-block-media-text alignwide\" style=\"grid-template-columns:34% auto\"><figure class=\"wp-block-media-text__media\"><img loading=\"lazy\" decoding=\"async\" width=\"2560\" height=\"1920\" src=\"http:\/\/cidc.inder.gob.cu\/wp-content\/uploads\/2023\/04\/20230420_110709_HDR-scaled.jpg\" alt=\"\" class=\"wp-image-1690 size-full\" srcset=\"http:\/\/cidc.inder.gob.cu\/wp-content\/uploads\/2023\/04\/20230420_110709_HDR-scaled.jpg 2560w, http:\/\/cidc.inder.gob.cu\/wp-content\/uploads\/2023\/04\/20230420_110709_HDR-300x225.jpg 300w, http:\/\/cidc.inder.gob.cu\/wp-content\/uploads\/2023\/04\/20230420_110709_HDR-768x576.jpg 768w, http:\/\/cidc.inder.gob.cu\/wp-content\/uploads\/2023\/04\/20230420_110709_HDR-1536x1152.jpg 1536w, http:\/\/cidc.inder.gob.cu\/wp-content\/uploads\/2023\/04\/20230420_110709_HDR-2048x1536.jpg 2048w, http:\/\/cidc.inder.gob.cu\/wp-content\/uploads\/2023\/04\/20230420_110709_HDR-500x375.jpg 500w, http:\/\/cidc.inder.gob.cu\/wp-content\/uploads\/2023\/04\/20230420_110709_HDR-800x600.jpg 800w, http:\/\/cidc.inder.gob.cu\/wp-content\/uploads\/2023\/04\/20230420_110709_HDR-1280x960.jpg 1280w, http:\/\/cidc.inder.gob.cu\/wp-content\/uploads\/2023\/04\/20230420_110709_HDR-1920x1440.jpg 1920w\" sizes=\"auto, (max-width: 2560px) 100vw, 2560px\" \/><\/figure><div class=\"wp-block-media-text__content\">\n<p class=\"has-medium-font-size\"><strong>\u00bfQu\u00e9 es el Plan de Estado para el Enfrentamiento&nbsp; al Cambio Clim\u00e1tico?<\/strong><\/p>\n\n\n\n<p class=\"has-medium-font-size\">Constituye la principal pol\u00edtica del pa\u00eds en materia clim\u00e1tica, concretada a trav\u00e9s de un plan de acci\u00f3n integral que incluye medidas de adaptaci\u00f3n y mitigaci\u00f3n, en el corto (2020), mediano (2030), largo (2050) y muy largo (2100) plazo.<\/p>\n\n\n\n<p class=\"has-medium-font-size\">El Plan de Estado para el Enfrentamiento al Cambio Clim\u00e1tico, Tarea Vida, result\u00f3 del conocimiento desarrollado durante d\u00e9cadas por la comunidad cient\u00edfica cubana, conocimiento que se ha continuado especializando en este primer per\u00edodo de implementaci\u00f3n. La actualizaci\u00f3n constante y profundizaci\u00f3n en la ciencia del cambio clim\u00e1tico han contribuido a la planificaci\u00f3n a nivel nacional y territorial de las acciones de adaptaci\u00f3n, incluyendo la reducci\u00f3n de vulnerabilidades asociadas a los impactos del cambio clim\u00e1tico, as\u00ed como a su mitigaci\u00f3n.<\/p>\n\n\n\n<div style=\"height:92px\" aria-hidden=\"true\" class=\"wp-block-spacer\"><\/div>\n<\/div><\/div>\n\n\n<div class=\"wp-block-image\">\n<figure class=\"aligncenter size-full is-resized\"><img loading=\"lazy\" decoding=\"async\" src=\"http:\/\/cidc.inder.gob.cu\/wp-content\/uploads\/2023\/04\/8.png\" alt=\"\" class=\"wp-image-1676\" width=\"101\" height=\"80\" srcset=\"http:\/\/cidc.inder.gob.cu\/wp-content\/uploads\/2023\/04\/8.png 1618w, http:\/\/cidc.inder.gob.cu\/wp-content\/uploads\/2023\/04\/8-300x237.png 300w, http:\/\/cidc.inder.gob.cu\/wp-content\/uploads\/2023\/04\/8-768x607.png 768w, http:\/\/cidc.inder.gob.cu\/wp-content\/uploads\/2023\/04\/8-1536x1213.png 1536w, http:\/\/cidc.inder.gob.cu\/wp-content\/uploads\/2023\/04\/8-500x395.png 500w, http:\/\/cidc.inder.gob.cu\/wp-content\/uploads\/2023\/04\/8-800x632.png 800w, http:\/\/cidc.inder.gob.cu\/wp-content\/uploads\/2023\/04\/8-1280x1011.png 1280w\" sizes=\"auto, (max-width: 101px) 100vw, 101px\" \/><\/figure>\n<\/div>","protected":false},"excerpt":{"rendered":"<p>Tarea Vida en el Centro de Investigaci\u00f3n del Deporte Cubano El proyecto Tarea Vida en el CIDC fue creado para<\/p>\n","protected":false},"author":1,"featured_media":0,"parent":0,"menu_order":0,"comment_status":"closed","ping_status":"closed","template":"","meta":{"_vp_format_video_url":"","_vp_image_focal_point":[],"footnotes":""},"class_list":["post-1570","page","type-page","status-publish","hentry"],"_links":{"self":[{"href":"http:\/\/cidc.inder.gob.cu\/index.php\/wp-json\/wp\/v2\/pages\/1570","targetHints":{"allow":["GET"]}}],"collection":[{"href":"http:\/\/cidc.inder.gob.cu\/index.php\/wp-json\/wp\/v2\/pages"}],"about":[{"href":"http:\/\/cidc.inder.gob.cu\/index.php\/wp-json\/wp\/v2\/types\/page"}],"author":[{"embeddable":true,"href":"http:\/\/cidc.inder.gob.cu\/index.php\/wp-json\/wp\/v2\/users\/1"}],"replies":[{"embeddable":true,"href":"http:\/\/cidc.inder.gob.cu\/index.php\/wp-json\/wp\/v2\/comments?post=1570"}],"version-history":[{"count":14,"href":"http:\/\/cidc.inder.gob.cu\/index.php\/wp-json\/wp\/v2\/pages\/1570\/revisions"}],"predecessor-version":[{"id":1732,"href":"http:\/\/cidc.inder.gob.cu\/index.php\/wp-json\/wp\/v2\/pages\/1570\/revisions\/1732"}],"wp:attachment":[{"href":"http:\/\/cidc.inder.gob.cu\/index.php\/wp-json\/wp\/v2\/media?parent=1570"}],"curies":[{"name":"wp","href":"https:\/\/api.w.org\/{rel}","templated":true}]}}