{"id":1578,"date":"2023-04-11T02:10:40","date_gmt":"2023-04-11T02:10:40","guid":{"rendered":"http:\/\/cidc.inder.gob.cu\/?page_id=1578"},"modified":"2023-04-11T02:10:40","modified_gmt":"2023-04-11T02:10:40","slug":"accionesvida","status":"publish","type":"page","link":"http:\/\/cidc.inder.gob.cu\/index.php\/accionesvida\/","title":{"rendered":"AccionesVIDA"},"content":{"rendered":"<div class=\"pdfprnt-buttons pdfprnt-buttons-page pdfprnt-top-right\"><a href=\"http:\/\/cidc.inder.gob.cu\/index.php\/wp-json\/wp\/v2\/pages\/1578?print=pdf\" class=\"pdfprnt-button pdfprnt-button-pdf\" target=\"_blank\"><img decoding=\"async\" src=\"http:\/\/cidc.inder.gob.cu\/wp-content\/plugins\/pdf-print\/images\/pdf.png\" alt=\"image_pdf\" title=\"Ver PDF\" \/><\/a><a href=\"http:\/\/cidc.inder.gob.cu\/index.php\/wp-json\/wp\/v2\/pages\/1578?print=print\" class=\"pdfprnt-button pdfprnt-button-print\" target=\"_blank\"><img decoding=\"async\" src=\"http:\/\/cidc.inder.gob.cu\/wp-content\/plugins\/pdf-print\/images\/print.png\" alt=\"image_print\" title=\"Imprimir contenido\" \/><\/a><\/div>\n<figure class=\"wp-block-image size-full\"><img loading=\"lazy\" decoding=\"async\" width=\"3160\" height=\"496\" src=\"http:\/\/cidc.inder.gob.cu\/wp-content\/uploads\/2023\/04\/banner_avida.png\" alt=\"\" class=\"wp-image-1579\" srcset=\"http:\/\/cidc.inder.gob.cu\/wp-content\/uploads\/2023\/04\/banner_avida.png 3160w, http:\/\/cidc.inder.gob.cu\/wp-content\/uploads\/2023\/04\/banner_avida-300x47.png 300w, http:\/\/cidc.inder.gob.cu\/wp-content\/uploads\/2023\/04\/banner_avida-768x121.png 768w, http:\/\/cidc.inder.gob.cu\/wp-content\/uploads\/2023\/04\/banner_avida-1536x241.png 1536w, http:\/\/cidc.inder.gob.cu\/wp-content\/uploads\/2023\/04\/banner_avida-2048x321.png 2048w, http:\/\/cidc.inder.gob.cu\/wp-content\/uploads\/2023\/04\/banner_avida-500x78.png 500w, http:\/\/cidc.inder.gob.cu\/wp-content\/uploads\/2023\/04\/banner_avida-800x126.png 800w, http:\/\/cidc.inder.gob.cu\/wp-content\/uploads\/2023\/04\/banner_avida-1280x201.png 1280w, http:\/\/cidc.inder.gob.cu\/wp-content\/uploads\/2023\/04\/banner_avida-1920x301.png 1920w\" sizes=\"auto, (max-width: 3160px) 100vw, 3160px\" \/><\/figure>\n\n\n\n<p class=\"has-medium-font-size\"><strong>Acciones para combatir el cambio clim\u00e1tico:<\/strong><\/p>\n\n\n\n<p class=\"has-medium-font-size\"><strong>Comportamiento<\/strong><\/p>\n\n\n\n<p class=\"has-medium-font-size\">Todos pueden ayudar a limitar el cambio clim\u00e1tico.&nbsp;Desde la forma en que viajamos, hasta la electricidad que usamos y los alimentos que consumimos, podemos marcar la diferencia.&nbsp;Comience con estas diez acciones para ayudar a enfrentar la crisis clim\u00e1tica.<\/p>\n\n\n\n<p class=\"has-medium-font-size\">1.-&nbsp;<strong>Ahorra energ\u00eda en casa<\/strong><\/p>\n\n\n\n<p class=\"has-medium-font-size\">Gran parte de nuestra electricidad y calor es alimentado por carb\u00f3n, petr\u00f3leo y gas.&nbsp;Use menos energ\u00eda reduciendo la calefacci\u00f3n y el aire acondicionado, cambiando a bombillas LED y electrodom\u00e9sticos de bajo consumo, lavando la ropa con agua fr\u00eda o colgando las cosas para que se sequen en lugar de usar una secadora.<\/p>\n\n\n\n<p class=\"has-medium-font-size\">2.-&nbsp;<strong>Caminar, andar en bicicleta o tomar el transporte p\u00fablico<\/strong><\/p>\n\n\n\n<p class=\"has-medium-font-size\">Las carreteras del mundo est\u00e1n atascadas de veh\u00edculos, la mayor\u00eda de ellos queman di\u00e9sel o gasolina.&nbsp;Caminar o andar en bicicleta en lugar de conducir reducir\u00e1 las emisiones de gases de efecto invernadero y ayudar\u00e1 a su salud y estado f\u00edsico.&nbsp;Para distancias m\u00e1s largas, considere tomar un tren o un autob\u00fas.&nbsp;Y compartir el viaje siempre que sea posible.<\/p>\n\n\n\n<p class=\"has-medium-font-size\"><strong>3.- Come m\u00e1s vegetales<\/strong><\/p>\n\n\n\n<p class=\"has-medium-font-size\">Comer m\u00e1s verduras, frutas, cereales integrales, legumbres, frutos secos y semillas, y menos carne y productos l\u00e1cteos puede reducir significativamente el impacto medioambiental.&nbsp;La producci\u00f3n de alimentos a base de plantas generalmente genera menos emisiones de gases de efecto invernadero y requiere menos energ\u00eda, tierra y agua.<\/p>\n\n\n\n<p class=\"has-medium-font-size\"><strong>4.- Considere su viaje<\/strong><\/p>\n\n\n\n<p class=\"has-medium-font-size\">Los aviones queman grandes cantidades de combustibles f\u00f3siles, lo que produce importantes emisiones de gases de efecto invernadero.&nbsp;Eso hace que tomar menos vuelos sea una de las formas m\u00e1s r\u00e1pidas de reducir su impacto ambiental.&nbsp;Cuando pueda, re\u00fanase virtualmente, tome un tren o salte ese viaje de larga distancia por completo.<\/p>\n\n\n\n<p class=\"has-medium-font-size\"><strong>5.- Tirar menos comida<\/strong><\/p>\n\n\n\n<p class=\"has-medium-font-size\">Cuando tiras comida, tambi\u00e9n est\u00e1s desperdiciando los recursos y la energ\u00eda que se usaron para cultivarla, producirla, empaquetarla y transportarla.&nbsp;Y cuando la comida se pudre en un vertedero, produce metano, un poderoso gas de efecto invernadero.&nbsp;As\u00ed que usa lo que compras y haz composta con las sobras.<\/p>\n\n\n\n<p class=\"has-medium-font-size\"><strong>6.- Reducir, reutilizar, reparar y reciclar<\/strong><\/p>\n\n\n\n<p class=\"has-medium-font-size\">Los productos electr\u00f3nicos, la ropa y otros art\u00edculos que compramos generan emisiones de carbono en cada punto de la producci\u00f3n, desde la extracci\u00f3n de materias primas hasta la fabricaci\u00f3n y el transporte de mercanc\u00edas al mercado.&nbsp;Para proteger nuestro clima, compra menos cosas, compra de segunda mano, repara lo que puedas y recicla.<\/p>\n\n\n\n<p class=\"has-medium-font-size\"><strong>7.- Cambia la fuente de energ\u00eda de tu hogar<\/strong><\/p>\n\n\n\n<p class=\"has-medium-font-size\">Preg\u00fantele a su compa\u00f1\u00eda de servicios p\u00fablicos si la energ\u00eda de su hogar proviene del petr\u00f3leo, el carb\u00f3n o el gas.&nbsp;Si es posible, vea si puede cambiar a fuentes renovables como la e\u00f3lica o la solar.&nbsp;O instale paneles solares en su techo para generar energ\u00eda para su hogar.<\/p>\n\n\n\n<p class=\"has-medium-font-size\"><strong>8.- Cambiar a un veh\u00edculo el\u00e9ctrico<\/strong><\/p>\n\n\n\n<p class=\"has-medium-font-size\">Si planea comprar un autom\u00f3vil, considere hacerlo el\u00e9ctrico, con m\u00e1s modelos y m\u00e1s baratos en el mercado.&nbsp;Aunque sigan funcionando con electricidad producida a partir de combustibles f\u00f3siles, los coches el\u00e9ctricos ayudan a reducir la contaminaci\u00f3n del aire y provocan unas emisiones de gases de efecto invernadero significativamente menores que los veh\u00edculos de gasolina o di\u00e9sel.<\/p>\n","protected":false},"excerpt":{"rendered":"<p>Acciones para combatir el cambio clim\u00e1tico: Comportamiento Todos pueden ayudar a limitar el cambio clim\u00e1tico.&nbsp;Desde la forma en que viajamos,<\/p>\n","protected":false},"author":1,"featured_media":0,"parent":0,"menu_order":0,"comment_status":"closed","ping_status":"closed","template":"","meta":{"_vp_format_video_url":"","_vp_image_focal_point":[],"footnotes":""},"class_list":["post-1578","page","type-page","status-publish","hentry"],"_links":{"self":[{"href":"http:\/\/cidc.inder.gob.cu\/index.php\/wp-json\/wp\/v2\/pages\/1578","targetHints":{"allow":["GET"]}}],"collection":[{"href":"http:\/\/cidc.inder.gob.cu\/index.php\/wp-json\/wp\/v2\/pages"}],"about":[{"href":"http:\/\/cidc.inder.gob.cu\/index.php\/wp-json\/wp\/v2\/types\/page"}],"author":[{"embeddable":true,"href":"http:\/\/cidc.inder.gob.cu\/index.php\/wp-json\/wp\/v2\/users\/1"}],"replies":[{"embeddable":true,"href":"http:\/\/cidc.inder.gob.cu\/index.php\/wp-json\/wp\/v2\/comments?post=1578"}],"version-history":[{"count":1,"href":"http:\/\/cidc.inder.gob.cu\/index.php\/wp-json\/wp\/v2\/pages\/1578\/revisions"}],"predecessor-version":[{"id":1580,"href":"http:\/\/cidc.inder.gob.cu\/index.php\/wp-json\/wp\/v2\/pages\/1578\/revisions\/1580"}],"wp:attachment":[{"href":"http:\/\/cidc.inder.gob.cu\/index.php\/wp-json\/wp\/v2\/media?parent=1578"}],"curies":[{"name":"wp","href":"https:\/\/api.w.org\/{rel}","templated":true}]}}