{"id":1582,"date":"2023-04-11T02:13:47","date_gmt":"2023-04-11T02:13:47","guid":{"rendered":"http:\/\/cidc.inder.gob.cu\/?page_id=1582"},"modified":"2023-04-11T02:13:48","modified_gmt":"2023-04-11T02:13:48","slug":"antecedentesvida","status":"publish","type":"page","link":"http:\/\/cidc.inder.gob.cu\/index.php\/antecedentesvida\/","title":{"rendered":"AntecedentesVIDA"},"content":{"rendered":"<div class=\"pdfprnt-buttons pdfprnt-buttons-page pdfprnt-top-right\"><a href=\"http:\/\/cidc.inder.gob.cu\/index.php\/wp-json\/wp\/v2\/pages\/1582?print=pdf\" class=\"pdfprnt-button pdfprnt-button-pdf\" target=\"_blank\"><img decoding=\"async\" src=\"http:\/\/cidc.inder.gob.cu\/wp-content\/plugins\/pdf-print\/images\/pdf.png\" alt=\"image_pdf\" title=\"Ver PDF\" \/><\/a><a href=\"http:\/\/cidc.inder.gob.cu\/index.php\/wp-json\/wp\/v2\/pages\/1582?print=print\" class=\"pdfprnt-button pdfprnt-button-print\" target=\"_blank\"><img decoding=\"async\" src=\"http:\/\/cidc.inder.gob.cu\/wp-content\/plugins\/pdf-print\/images\/print.png\" alt=\"image_print\" title=\"Imprimir contenido\" \/><\/a><\/div>\n<figure class=\"wp-block-image size-full\"><img loading=\"lazy\" decoding=\"async\" width=\"3160\" height=\"496\" src=\"http:\/\/cidc.inder.gob.cu\/wp-content\/uploads\/2023\/04\/banner_antecVida.png\" alt=\"\" class=\"wp-image-1583\" srcset=\"http:\/\/cidc.inder.gob.cu\/wp-content\/uploads\/2023\/04\/banner_antecVida.png 3160w, http:\/\/cidc.inder.gob.cu\/wp-content\/uploads\/2023\/04\/banner_antecVida-300x47.png 300w, http:\/\/cidc.inder.gob.cu\/wp-content\/uploads\/2023\/04\/banner_antecVida-768x121.png 768w, http:\/\/cidc.inder.gob.cu\/wp-content\/uploads\/2023\/04\/banner_antecVida-1536x241.png 1536w, http:\/\/cidc.inder.gob.cu\/wp-content\/uploads\/2023\/04\/banner_antecVida-2048x321.png 2048w, http:\/\/cidc.inder.gob.cu\/wp-content\/uploads\/2023\/04\/banner_antecVida-500x78.png 500w, http:\/\/cidc.inder.gob.cu\/wp-content\/uploads\/2023\/04\/banner_antecVida-800x126.png 800w, http:\/\/cidc.inder.gob.cu\/wp-content\/uploads\/2023\/04\/banner_antecVida-1280x201.png 1280w, http:\/\/cidc.inder.gob.cu\/wp-content\/uploads\/2023\/04\/banner_antecVida-1920x301.png 1920w\" sizes=\"auto, (max-width: 3160px) 100vw, 3160px\" \/><\/figure>\n\n\n\n<p class=\"has-medium-font-size\">En su discurso pronunciado en la&nbsp;<strong>Cumbre de la Tierra de R\u00edo de Janeiro<\/strong>&nbsp;como parte de la conferencia de Naciones Unidas sobre Medio Ambiente y Desarrollo, el 12 de junio de 1992,&nbsp;<strong>el comandante en jefe alert\u00f3 sobre los peligros del cambio clim\u00e1tico<\/strong>:<\/p>\n\n\n\n<p class=\"has-medium-font-size\"><strong><em>\u201cUna importante especie biol\u00f3gica est\u00e1 en riesgo de desaparecer por la r\u00e1pida y progresiva liquidaci\u00f3n de sus condiciones naturales de vida: el hombre.&nbsp;<\/em><\/strong><em>Ahora tomamos conciencia de este problema cuando casi es tarde para impedirlo. Es necesario se\u00f1alar que las sociedades desarrolladas son las responsables fundamentales de la atroz destrucci\u00f3n del medio ambiente (\u2026) El deterioro acelerado y creciente del medio es, hoy d\u00eda, posiblemente el peligro a largo plazo m\u00e1s grave que enfrenta toda la especie humana en su conjunto, y muy en particular el a\u00fan llamado Tercer Mundo (\u2026) En lo que respecta a los pa\u00edses subdesarrollados, es uno de los factores que agrava con m\u00e1s fuerza las condiciones de vida de cientos de millones de personas en el Tercer Mundo\u201d.<\/em><\/p>\n\n\n\n<p class=\"has-medium-font-size\">El&nbsp;<strong>Plan de Estado Tarea Vida<\/strong>&nbsp;tiene como antecedentes las investigaciones acerca del cambio clim\u00e1tico iniciadas por la&nbsp;Academia de Ciencias de Cuba&nbsp;en 1991 y que se intensificaron a partir de noviembre del 2004, luego de un exhaustivo an\u00e1lisis y debate sobre los impactos negativos causados por los huracanes Hurac\u00e1n Charley e Iv\u00e1 en el occidente del pa\u00eds. Desde entonces se iniciaron los estudios de peligro, vulnerabilidad y riesgo territoriales para la reducci\u00f3n de desastres.<\/p>\n\n\n\n<p class=\"has-medium-font-size\">En el a\u00f1o 2007 se incrementaron las investigaciones cient\u00edfico-tecnol\u00f3gicas que permitieron comenzar la conformaci\u00f3n del Macroproyecto sobre peligros y vulnerabilidad costeros para los a\u00f1os 2050-2100, dirigido por el Ministerio de Ciencia, Tecnolog\u00eda y Medio Ambiente (CITMA) y con la participaci\u00f3n de 16 instituciones de cinco organismos de la Administraci\u00f3n Central del Estado.<\/p>\n\n\n\n<p class=\"has-medium-font-size\">Desde 2011 hasta 2015 se trabaj\u00f3 en la aprobaci\u00f3n del Macroproyecto y actualizaci\u00f3n de los documentos ya aprobados por el Consejo de ministros para el enfrentamiento al cambio clim\u00e1tico.<\/p>\n\n\n\n<p class=\"has-medium-font-size\">A partir de 2017, el proyecto se convierte en prioridad para la pol\u00edtica ambientalista del pa\u00eds. El CITMA es el encargado de implementar y controlar las tareas de este\u00a0<strong>Plan de Estado para el Enfrentamiento al Cambio Clim\u00e1tico<\/strong>.<\/p>\n","protected":false},"excerpt":{"rendered":"<p>En su discurso pronunciado en la&nbsp;Cumbre de la Tierra de R\u00edo de Janeiro&nbsp;como parte de la conferencia de Naciones Unidas<\/p>\n","protected":false},"author":1,"featured_media":0,"parent":0,"menu_order":0,"comment_status":"closed","ping_status":"closed","template":"","meta":{"_vp_format_video_url":"","_vp_image_focal_point":[],"footnotes":""},"class_list":["post-1582","page","type-page","status-publish","hentry"],"_links":{"self":[{"href":"http:\/\/cidc.inder.gob.cu\/index.php\/wp-json\/wp\/v2\/pages\/1582","targetHints":{"allow":["GET"]}}],"collection":[{"href":"http:\/\/cidc.inder.gob.cu\/index.php\/wp-json\/wp\/v2\/pages"}],"about":[{"href":"http:\/\/cidc.inder.gob.cu\/index.php\/wp-json\/wp\/v2\/types\/page"}],"author":[{"embeddable":true,"href":"http:\/\/cidc.inder.gob.cu\/index.php\/wp-json\/wp\/v2\/users\/1"}],"replies":[{"embeddable":true,"href":"http:\/\/cidc.inder.gob.cu\/index.php\/wp-json\/wp\/v2\/comments?post=1582"}],"version-history":[{"count":1,"href":"http:\/\/cidc.inder.gob.cu\/index.php\/wp-json\/wp\/v2\/pages\/1582\/revisions"}],"predecessor-version":[{"id":1584,"href":"http:\/\/cidc.inder.gob.cu\/index.php\/wp-json\/wp\/v2\/pages\/1582\/revisions\/1584"}],"wp:attachment":[{"href":"http:\/\/cidc.inder.gob.cu\/index.php\/wp-json\/wp\/v2\/media?parent=1582"}],"curies":[{"name":"wp","href":"https:\/\/api.w.org\/{rel}","templated":true}]}}