{"id":1586,"date":"2023-04-11T02:19:51","date_gmt":"2023-04-11T02:19:51","guid":{"rendered":"http:\/\/cidc.inder.gob.cu\/?page_id=1586"},"modified":"2023-04-11T02:19:52","modified_gmt":"2023-04-11T02:19:52","slug":"efemerides-vida","status":"publish","type":"page","link":"http:\/\/cidc.inder.gob.cu\/index.php\/efemerides-vida\/","title":{"rendered":"Efem\u00e9rides VIDA"},"content":{"rendered":"<div class=\"pdfprnt-buttons pdfprnt-buttons-page pdfprnt-top-right\"><a href=\"http:\/\/cidc.inder.gob.cu\/index.php\/wp-json\/wp\/v2\/pages\/1586?print=pdf\" class=\"pdfprnt-button pdfprnt-button-pdf\" target=\"_blank\"><img decoding=\"async\" src=\"http:\/\/cidc.inder.gob.cu\/wp-content\/plugins\/pdf-print\/images\/pdf.png\" alt=\"image_pdf\" title=\"Ver PDF\" \/><\/a><a href=\"http:\/\/cidc.inder.gob.cu\/index.php\/wp-json\/wp\/v2\/pages\/1586?print=print\" class=\"pdfprnt-button pdfprnt-button-print\" target=\"_blank\"><img decoding=\"async\" src=\"http:\/\/cidc.inder.gob.cu\/wp-content\/plugins\/pdf-print\/images\/print.png\" alt=\"image_print\" title=\"Imprimir contenido\" \/><\/a><\/div>\n<figure class=\"wp-block-image size-full\"><img loading=\"lazy\" decoding=\"async\" width=\"3160\" height=\"496\" src=\"http:\/\/cidc.inder.gob.cu\/wp-content\/uploads\/2023\/04\/banner_efemerides.png\" alt=\"\" class=\"wp-image-1587\" srcset=\"http:\/\/cidc.inder.gob.cu\/wp-content\/uploads\/2023\/04\/banner_efemerides.png 3160w, http:\/\/cidc.inder.gob.cu\/wp-content\/uploads\/2023\/04\/banner_efemerides-300x47.png 300w, http:\/\/cidc.inder.gob.cu\/wp-content\/uploads\/2023\/04\/banner_efemerides-768x121.png 768w, http:\/\/cidc.inder.gob.cu\/wp-content\/uploads\/2023\/04\/banner_efemerides-1536x241.png 1536w, http:\/\/cidc.inder.gob.cu\/wp-content\/uploads\/2023\/04\/banner_efemerides-2048x321.png 2048w, http:\/\/cidc.inder.gob.cu\/wp-content\/uploads\/2023\/04\/banner_efemerides-500x78.png 500w, http:\/\/cidc.inder.gob.cu\/wp-content\/uploads\/2023\/04\/banner_efemerides-800x126.png 800w, http:\/\/cidc.inder.gob.cu\/wp-content\/uploads\/2023\/04\/banner_efemerides-1280x201.png 1280w, http:\/\/cidc.inder.gob.cu\/wp-content\/uploads\/2023\/04\/banner_efemerides-1920x301.png 1920w\" sizes=\"auto, (max-width: 3160px) 100vw, 3160px\" \/><\/figure>\n\n\n\n<div class=\"responsive-tabs\">\n<h2 class=\"tabtitle\">En<\/h2>\n<div class=\"tabcontent\">\n\n\n\n\n<p class=\"has-medium-font-size\">26 de Enero &#8211; d\u00eda de la Educaci\u00f3n Ambiental<\/p>\n\n\n\n\n<\/div><h2 class=\"tabtitle\">Feb<\/h2>\n<div class=\"tabcontent\">\n\n\n\n\n<p class=\"has-medium-font-size\"><a href=\"http:\/\/127.0.0.1\/dpvida\/?page_id=1505\">02 de Febrero &#8211; d\u00eda Internacional de los Humedales<\/a><br>14&nbsp;de Febrero &#8211; D\u00eda de la Energ\u00eda<\/p>\n\n\n\n\n<\/div><h2 class=\"tabtitle\">Mar<\/h2>\n<div class=\"tabcontent\">\n\n\n\n\n<p class=\"has-medium-font-size\">05 de Marzo &#8211; d\u00eda Mundial de la Eficiencia Energ\u00e9tica<br>07&nbsp;&nbsp;de Marzo &#8211; D\u00eda del Campo<br>14&nbsp;de Marzo &#8211; D\u00eda Mundial de Acci\u00f3n Contra las Represas, a Favor de los R\u00edos, el Agua y la Vida<br><a href=\"http:\/\/127.0.0.1\/dpvida\/?page_id=1513\">21 de Marzo &#8211; D\u00eda Mundial Forestal<\/a><br><a href=\"http:\/\/127.0.0.1\/dpvida\/?page_id=1516\" data-type=\"URL\" data-id=\"http:\/\/127.0.0.1\/dpvida\/?page_id=1516\">22 de Marzo &#8211; d\u00eda Mundial del Agua<\/a><br><a href=\"http:\/\/127.0.0.1\/dpvida\/?page_id=1518\">23&nbsp;de Marzo &#8211; D\u00eda de la Meteorolog\u00eda<\/a><br>31 de Marzo &#8211;&nbsp;D\u00eda del Comportamiento Humano \/ D\u00eda Nacional del Agua<\/p>\n\n\n\n\n<\/div><h2 class=\"tabtitle\">Abr<\/h2>\n<div class=\"tabcontent\">\n\n\n\n\n<p class=\"has-medium-font-size\"><a href=\"http:\/\/127.0.0.1\/dpvida\/?page_id=1521\">07 de Abril &#8211; D\u00eda Mundial de la Salud<\/a><br>19&nbsp;de Abril &#8211; D\u00eda del Aborigen<br><a href=\"http:\/\/127.0.0.1\/dpvida\/?page_id=1524\">22 de Abril &#8211; d\u00eda Mundial de la Tierra<\/a><br>26&nbsp;de Abril &#8211; Accidente Nuclear de Chern\u00f3bil (1989)<br><a href=\"http:\/\/127.0.0.1\/dpvida\/?page_id=1526\">29&nbsp;de Abril &#8211; D\u00eda del Animal<\/a><\/p>\n\n\n\n\n<\/div><h2 class=\"tabtitle\">May<\/h2>\n<div class=\"tabcontent\">\n\n\n\n\n<p class=\"has-medium-font-size\"><a href=\"http:\/\/127.0.0.1\/dpvida\/?page_id=1529\">04&nbsp;&nbsp;de mayo &#8211; D\u00eda Internacional del Combatiente de Incendios Forestales<\/a><br>07&nbsp;&nbsp;de mayo &#8211; D\u00eda de la Miner\u00eda<br>09 de mayo &#8211; d\u00eda Internacional de las Aves<br>17 de mayo &#8211; d\u00eda Internacional del Reciclaje<br>17&nbsp;de mayo &#8211; D\u00eda del Horticultor<br><a href=\"http:\/\/127.0.0.1\/dpvida\/?page_id=1532\">22 de Mayo &#8211; d\u00eda Internacional de la Diversidad Biol\u00f3gica<\/a><br><a href=\"http:\/\/127.0.0.1\/dpvida\/?page_id=1534\">31&nbsp;de mayo &#8211; D\u00eda Mundial Sin Tabaco<\/a><\/p>\n\n\n\n\n<\/div><h2 class=\"tabtitle\">Jun<\/h2>\n<div class=\"tabcontent\">\n\n\n\n\n<p class=\"has-medium-font-size\">05 de Junio &#8211; d\u00eda Mundial del Medio Ambiente<br><a href=\"http:\/\/127.0.0.1\/dpvida\/?page_id=1536\">08 de Junio &#8211; d\u00eda Mundial de los Oc\u00e9anos<\/a><br>12 de Junio &#8211; d\u00eda Mundial de la Descontaminaci\u00f3n Ac\u00fastica<br><a href=\"http:\/\/127.0.0.1\/dpvida\/?page_id=1538\">17 de Junio &#8211; d\u00eda Mundial de Lucha Contra la Desertificaci\u00f3n y La Sequ\u00eda<\/a><br>28 de Junio &#8211; d\u00eda Mundial del \u00c1rbol<\/p>\n\n\n\n\n<\/div><h2 class=\"tabtitle\">Jul<\/h2>\n<div class=\"tabcontent\">\n\n\n\n\n<p class=\"has-medium-font-size\">02 de Julio &#8211; D\u00eda de la Agricultura Nacional<br><a href=\"http:\/\/127.0.0.1\/dpvida\/?page_id=1540\">07 de Julio &#8211; d\u00eda de la Conservaci\u00f3n del Suelo<\/a><br>11 de Julio &#8211; d\u00eda Mundial de la Poblaci\u00f3n<br>1er S\u00e1bado D\u00eda Universal de la Cooperaci\u00f3n<\/p>\n\n\n\n\n<\/div><h2 class=\"tabtitle\">Agt<\/h2>\n<div class=\"tabcontent\">\n\n\n\n\n<p class=\"has-medium-font-size\">08 de Agosto &#8211; D\u00eda Internacional de las Poblaciones Ind\u00edgenas<br>26 de Agosto &#8211; D\u00eda de la Paz<br><a href=\"http:\/\/127.0.0.1\/dpvida\/?page_id=1543\">29 de Agosto &#8211; D\u00eda del \u00c1rbol<\/a><\/p>\n\n\n\n\n<\/div><h2 class=\"tabtitle\">Sept<\/h2>\n<div class=\"tabcontent\">\n\n\n\n\n<p class=\"has-medium-font-size\">03 de Septiembre &#8211; D\u00eda de la Higiene<br>09 de Septiembre &#8211; D\u00eda de la Agricultura<br><a href=\"http:\/\/127.0.0.1\/dpvida\/?page_id=1546\">16 de Septiembre &#8211; D\u00eda Internacional de la Protecci\u00f3n de la capa de Ozono<\/a><br><a href=\"http:\/\/127.0.0.1\/dpvida\/?page_id=1548\">27 de Septiembre &#8211; D\u00eda Nacional de la Conciencia Ambiental<\/a><br>1 al 30 Campa\u00f1a Mundial \u00abA Limpiar el Mundo\u00bb<br>Ultima Semana <a href=\"http:\/\/127.0.0.1\/dpvida\/?page_id=1551\">D\u00eda Mar\u00edtimo Mundial<\/a><\/p>\n\n\n\n\n<\/div><h2 class=\"tabtitle\">Oct<\/h2>\n<div class=\"tabcontent\">\n\n\n\n\n<p class=\"has-medium-font-size\"><a href=\"http:\/\/127.0.0.1\/dpvida\/?page_id=1554\">01 de Octubre &#8211; D\u00eda del Mar y de la Riqueza Pesquera<\/a><br>04 de Octubre &#8211; San Francisco de As\u00eds (Patrono de la Ecolog\u00eda)<br>04 de Octubre &#8211; d\u00eda Mundial de los Animales<br>05 de Octubre &#8211; D\u00eda Nacional del Ave<br><a href=\"http:\/\/127.0.0.1\/dpvida\/?page_id=1556\">09 de Octubre &#8211; D\u00eda del Guardaparque Nacional<\/a><br><a href=\"http:\/\/127.0.0.1\/dpvida\/?page_id=1559\">16 de Octubre &#8211; D\u00eda Mundial de la Alimentaci\u00f3n<\/a><br><a href=\"http:\/\/127.0.0.1\/dpvida\/?page_id=1562\">17 de Octubre &#8211; D\u00eda Internacional para la Erradicaci\u00f3n de la Pobreza<\/a><br>18 de Octubre &#8211; D\u00eda de la Protecci\u00f3n a la Naturaleza<br><a href=\"http:\/\/127.0.0.1\/dpvida\/?page_id=1565\">24 de Octubre &#8211; D\u00eda Mundial de Informaci\u00f3n sobre el Desarrollo<\/a><br><a href=\"http:\/\/127.0.0.1\/dpvida\/?page_id=1567\">1er Lunes D\u00eda Mundial del H\u00e1bitat<\/a><br><a href=\"http:\/\/127.0.0.1\/dpvida\/?page_id=1570\">1er S\u00e1bado D\u00eda Interamericano del Agua<\/a><br><a href=\"http:\/\/127.0.0.1\/dpvida\/?page_id=1574\">2do Mi\u00e9rcoles D\u00eda Internacional para la Reducci\u00f3n de los Desastres Naturales<\/a><\/p>\n\n\n\n\n<\/div><h2 class=\"tabtitle\">Nov<\/h2>\n<div class=\"tabcontent\">\n\n\n\n\n<p class=\"has-medium-font-size\"><a href=\"http:\/\/127.0.0.1\/dpvida\/?page_id=1577\">06 de Noviembre &#8211; D\u00eda de los Parque Nacionales<\/a><br>08 de Noviembre &#8211; D\u00eda del Urbanismo<br><a href=\"http:\/\/127.0.0.1\/dpvida\/?page_id=1580\">22 de Noviembre &#8211; D\u00eda de la Flor Nacional (El Ceibo)<\/a><br>30 de Noviembre &#8211; D\u00eda del Forjador Ambiental<br>3er Jueves D\u00eda del Aire Puro<\/p>\n\n\n\n\n<\/div><h2 class=\"tabtitle\">Dic<\/h2>\n<div class=\"tabcontent\">\n\n\n\n\n<p class=\"has-medium-font-size\"><a href=\"http:\/\/127.0.0.1\/dpvida\/?page_id=1584\">05 de Diciembre &#8211; D\u00eda Internacional de los Voluntarios para el Desarrollo Econ\u00f3mico y Social<\/a><br>11 de Diciembre &#8211; d\u00eda Internacional de la Monta\u00f1a<br>15 de Diciembre &#8211; Creaci\u00f3n del Programa de Naciones Unidas para el Medio Ambiente (PNUMA)<br>29 de Diciembre &#8211; D\u00eda Internacional de la Biodiversidad<\/p>\n\n\n\n<\/div><\/div>\n","protected":false},"excerpt":{"rendered":"<p>26 de Enero &#8211; d\u00eda de la Educaci\u00f3n Ambiental 02 de Febrero &#8211; d\u00eda Internacional de los Humedales14&nbsp;de Febrero &#8211;<\/p>\n","protected":false},"author":1,"featured_media":0,"parent":0,"menu_order":0,"comment_status":"closed","ping_status":"closed","template":"","meta":{"_vp_format_video_url":"","_vp_image_focal_point":[],"footnotes":""},"class_list":["post-1586","page","type-page","status-publish","hentry"],"_links":{"self":[{"href":"http:\/\/cidc.inder.gob.cu\/index.php\/wp-json\/wp\/v2\/pages\/1586","targetHints":{"allow":["GET"]}}],"collection":[{"href":"http:\/\/cidc.inder.gob.cu\/index.php\/wp-json\/wp\/v2\/pages"}],"about":[{"href":"http:\/\/cidc.inder.gob.cu\/index.php\/wp-json\/wp\/v2\/types\/page"}],"author":[{"embeddable":true,"href":"http:\/\/cidc.inder.gob.cu\/index.php\/wp-json\/wp\/v2\/users\/1"}],"replies":[{"embeddable":true,"href":"http:\/\/cidc.inder.gob.cu\/index.php\/wp-json\/wp\/v2\/comments?post=1586"}],"version-history":[{"count":1,"href":"http:\/\/cidc.inder.gob.cu\/index.php\/wp-json\/wp\/v2\/pages\/1586\/revisions"}],"predecessor-version":[{"id":1588,"href":"http:\/\/cidc.inder.gob.cu\/index.php\/wp-json\/wp\/v2\/pages\/1586\/revisions\/1588"}],"wp:attachment":[{"href":"http:\/\/cidc.inder.gob.cu\/index.php\/wp-json\/wp\/v2\/media?parent=1586"}],"curies":[{"name":"wp","href":"https:\/\/api.w.org\/{rel}","templated":true}]}}