{"id":1621,"date":"2023-04-11T13:42:12","date_gmt":"2023-04-11T13:42:12","guid":{"rendered":"http:\/\/cidc.inder.gob.cu\/?page_id=1621"},"modified":"2023-04-11T13:43:02","modified_gmt":"2023-04-11T13:43:02","slug":"subdireccion-de-investigaciones","status":"publish","type":"page","link":"http:\/\/cidc.inder.gob.cu\/index.php\/subdireccion-de-investigaciones\/","title":{"rendered":"SubDirecci\u00f3n de Investigaciones"},"content":{"rendered":"<div class=\"pdfprnt-buttons pdfprnt-buttons-page pdfprnt-top-right\"><a href=\"http:\/\/cidc.inder.gob.cu\/index.php\/wp-json\/wp\/v2\/pages\/1621?print=pdf\" class=\"pdfprnt-button pdfprnt-button-pdf\" target=\"_blank\"><img decoding=\"async\" src=\"http:\/\/cidc.inder.gob.cu\/wp-content\/plugins\/pdf-print\/images\/pdf.png\" alt=\"image_pdf\" title=\"Ver PDF\" \/><\/a><a href=\"http:\/\/cidc.inder.gob.cu\/index.php\/wp-json\/wp\/v2\/pages\/1621?print=print\" class=\"pdfprnt-button pdfprnt-button-print\" target=\"_blank\"><img decoding=\"async\" src=\"http:\/\/cidc.inder.gob.cu\/wp-content\/plugins\/pdf-print\/images\/print.png\" alt=\"image_print\" title=\"Imprimir contenido\" \/><\/a><\/div>\n<p class=\"has-medium-font-size\"><strong>FUNCIONES<\/strong><\/p>\n\n\n\n<ul class=\"wp-block-list\">\n<li>Orienta, ejecuta y controla toda la pol\u00edtica cient\u00edfica e investigativa del centro en correspondencia con las indicaciones del INDER y el CITMA.<\/li>\n\n\n\n<li>Proyecta y organiza el funcionamiento sistem\u00e1tico de conferencias cient\u00edficas, audiencias p\u00fablicas y sesiones de desarrollo y estrategias en funci\u00f3n del desarrollo de las funciones b\u00e1sicas y el v\u00ednculo con los deportes.<\/li>\n\n\n\n<li>Proyecta y organiza el funcionamiento del Consejo Cient\u00edfico como \u00f3rgano asesor.<\/li>\n\n\n\n<li>Orienta, promociona y controla el proceso de categorizaci\u00f3n cient\u00edfica de los investigadores del centro.<\/li>\n\n\n\n<li>Revisa y entrega en tiempo y forma los informes y orientaciones del INDER y el CITMA.<\/li>\n\n\n\n<li>Proyecta y organiza las opciones para los Premios del CITMA, Premio Anual INDER y otras distinciones y condecoraciones que se otorgan en el pa\u00eds y en el extranjero.<\/li>\n\n\n\n<li>Implementa el Sistema Interno de la Propiedad Intelectual acorde con las caracter\u00edsticas del centro.<\/li>\n\n\n\n<li>Garantiza el funcionamiento del Comit\u00e9 de \u00e9tica en funci\u00f3n del centro.<\/li>\n\n\n\n<li>Promueve el intercambio cient\u00edfico-t\u00e9cnico entre los profesionales del CIDC con otras instituciones nacionales e internacionales afines.<\/li>\n\n\n\n<li>Elabora el Plan de Investigaci\u00f3n, Desarrollo e Innovaci\u00f3n tecnol\u00f3gica en correspondencia con los intereses de las funciones b\u00e1sicas del centro.<\/li>\n\n\n\n<li>Cumple con la ejecuci\u00f3n de los diferentes tipos de proyectos garantizando la pertinencia y control gerencial y metodol\u00f3gico.<\/li>\n\n\n\n<li>Garantiza que desde el centro se geste el Programa Nacional Sectorial del INDER.<\/li>\n\n\n\n<li>Dirige y coordina el Plan Tem\u00e1tico y las actividades de car\u00e1cter cient\u00edfico t\u00e9cnico con la ANIR y las BTJ, en correspondencia con el Plan de investigaci\u00f3n y desarrollo del centro.<\/li>\n\n\n\n<li>Contribuye a la b\u00fasqueda de v\u00edas directas de financiamiento de Proyectos con las diferentes organizaciones internacionales, ONG y dem\u00e1s organizaciones afines a la actividad del centro.<\/li>\n\n\n\n<li>Revisa y entrega en tiempo y forma los informes y orientaciones sobre Preparaci\u00f3n ol\u00edmpica al INDER y el CITMA.<\/li>\n\n\n\n<li>Promueve el intercambio para la formaci\u00f3n de recursos humanos entre los profesionales del Sistema deportivo cubano con otras instituciones nacionales e internacionales, a trav\u00e9s de diferentes modalidades.<\/li>\n\n\n\n<li>Desarrolla y sostiene la Acreditaci\u00f3n del CIDC como Centro de Investigaci\u00f3n.<\/li>\n\n\n\n<li>Elabora y actualiza sistem\u00e1ticamente la estrategia para la formaci\u00f3n de Doctores, Master en Ciencias y Especialistas en el centro.<\/li>\n\n\n\n<li>Elabora e implementa las estrategias para la categorizaci\u00f3n docente y el desarrollo profesional del claustro de Investigadores en alianza con la Escuela Ramal del INDER.<\/li>\n\n\n\n<li>Garantiza el conocimiento y respuesta oportuna a los especialistas de las necesidades de informaci\u00f3n para el desarrollo y la competencia profesional en el servicio, la elaboraci\u00f3n de publicaciones, obtenci\u00f3n de grados cient\u00edficos, ejecuci\u00f3n de proyectos y otros, garantizando las v\u00edas de acceso a estos y exigiendo el control de su uso.<\/li>\n\n\n\n<li>Orienta y exige la custodia y preservaci\u00f3n de los fondos bibliogr\u00e1ficos existentes (contribuciones, investigaciones, etc.). en correspondencia con el sistema Interno de propiedad Industrial.<\/li>\n\n\n\n<li>Promueve la informaci\u00f3n actualizada y precisa sobre los resultados de los procesos cient\u00edficos y las intervenciones cient\u00edfico-tecnol\u00f3gicas que se desarrollan y\/o utilizan para la pr\u00e1ctica deportiva.<\/li>\n\n\n\n<li>Funciona como interface para la elaboraci\u00f3n e implementaci\u00f3n de las contribuciones a las soluciones de las demandas tecnol\u00f3gicas de los usuarios para cerrar el ciclo de I+D+i.<\/li>\n\n\n\n<li>Orienta que se realicen diagn\u00f3sticos t\u00e9cnicos y metodol\u00f3gicos en los deportes del programa ol\u00edmpico atendiendo la aplicaci\u00f3n de los principios del entrenamiento deportivo para optimizar los resultados competitivos que se esperan.<\/li>\n\n\n\n<li>Asesora y activa procesos de tutor\u00edas metodol\u00f3gicas en los procesos de la preparaci\u00f3n hasta lograr con garant\u00edas la introducci\u00f3n de las innovaciones metodolog\u00edas para el cierre del ciclo de la gesti\u00f3n cient\u00edfica.<\/li>\n\n\n\n<li>Desarrolla y organiza la base de Informaci\u00f3n Cient\u00edfico-T\u00e9cnica (Biblioteca Virtual) con los sitios favoritos de conocimiento y novedad.<\/li>\n\n\n\n<li>Orienta e introduce t\u00e9cnicas de avanzada en el procesamiento y clasificaci\u00f3n de la informaci\u00f3n.<\/li>\n\n\n\n<li>Desarrolla l\u00edneas de colaboraci\u00f3n con autoridades reguladoras nacionales y organismos y organizaciones internacionales para el intercambio cient\u00edfico.<\/li>\n\n\n\n<li>Desarrolla actividades de gesti\u00f3n del conocimiento sobre la base de los procesos y las intervenciones cient\u00edfico-tecnol\u00f3gicas especializada en resultados deportivos.<\/li>\n\n\n\n<li>Desarrolla la superaci\u00f3n y formaci\u00f3n continua sobre temas concernientes a la propiedad intelectual, Tarea Vida, publicaciones, proyectos de I+D+i y otros que sean de actualidad.<\/li>\n\n\n\n<li>Dirige el proceso de preparaci\u00f3n de los expedientes cient\u00edficos de los investigadores para los procesos de cambio de categor\u00eda.<\/li>\n<\/ul>\n\n\n\n<p><strong>PLANTILLA<\/strong><\/p>\n\n\n\n<figure class=\"wp-block-table\"><table class=\"has-fixed-layout\"><thead><tr><th><strong>CARGO<\/strong><\/th><th><strong>TRABAJADORES<\/strong><\/th><\/tr><\/thead><tbody><tr><td>Subdirector (II Nivel de Direcci\u00f3n)<\/td><td>1<\/td><\/tr><tr><td>Especialista \u201cC\u201d en Gesti\u00f3n Documental.<\/td><td>1<\/td><\/tr><tr><td><strong>Total<\/strong><\/td><td><strong>2<\/strong><\/td><\/tr><\/tbody><\/table><\/figure>\n","protected":false},"excerpt":{"rendered":"<p>FUNCIONES PLANTILLA CARGO TRABAJADORES Subdirector (II Nivel de Direcci\u00f3n) 1 Especialista \u201cC\u201d en Gesti\u00f3n Documental. 1 Total 2<\/p>\n","protected":false},"author":1,"featured_media":0,"parent":0,"menu_order":0,"comment_status":"closed","ping_status":"closed","template":"","meta":{"_vp_format_video_url":"","_vp_image_focal_point":[],"footnotes":""},"class_list":["post-1621","page","type-page","status-publish","hentry"],"_links":{"self":[{"href":"http:\/\/cidc.inder.gob.cu\/index.php\/wp-json\/wp\/v2\/pages\/1621","targetHints":{"allow":["GET"]}}],"collection":[{"href":"http:\/\/cidc.inder.gob.cu\/index.php\/wp-json\/wp\/v2\/pages"}],"about":[{"href":"http:\/\/cidc.inder.gob.cu\/index.php\/wp-json\/wp\/v2\/types\/page"}],"author":[{"embeddable":true,"href":"http:\/\/cidc.inder.gob.cu\/index.php\/wp-json\/wp\/v2\/users\/1"}],"replies":[{"embeddable":true,"href":"http:\/\/cidc.inder.gob.cu\/index.php\/wp-json\/wp\/v2\/comments?post=1621"}],"version-history":[{"count":1,"href":"http:\/\/cidc.inder.gob.cu\/index.php\/wp-json\/wp\/v2\/pages\/1621\/revisions"}],"predecessor-version":[{"id":1622,"href":"http:\/\/cidc.inder.gob.cu\/index.php\/wp-json\/wp\/v2\/pages\/1621\/revisions\/1622"}],"wp:attachment":[{"href":"http:\/\/cidc.inder.gob.cu\/index.php\/wp-json\/wp\/v2\/media?parent=1621"}],"curies":[{"name":"wp","href":"https:\/\/api.w.org\/{rel}","templated":true}]}}