{"id":1642,"date":"2023-04-11T15:36:20","date_gmt":"2023-04-11T15:36:20","guid":{"rendered":"http:\/\/cidc.inder.gob.cu\/?page_id=1642"},"modified":"2023-04-11T15:36:27","modified_gmt":"2023-04-11T15:36:27","slug":"ciencias-del-entrenamiento","status":"publish","type":"page","link":"http:\/\/cidc.inder.gob.cu\/index.php\/ciencias-del-entrenamiento\/","title":{"rendered":"Ciencias del Entrenamiento"},"content":{"rendered":"<div class=\"pdfprnt-buttons pdfprnt-buttons-page pdfprnt-top-right\"><a href=\"http:\/\/cidc.inder.gob.cu\/index.php\/wp-json\/wp\/v2\/pages\/1642?print=pdf\" class=\"pdfprnt-button pdfprnt-button-pdf\" target=\"_blank\"><img decoding=\"async\" src=\"http:\/\/cidc.inder.gob.cu\/wp-content\/plugins\/pdf-print\/images\/pdf.png\" alt=\"image_pdf\" title=\"Ver PDF\" \/><\/a><a href=\"http:\/\/cidc.inder.gob.cu\/index.php\/wp-json\/wp\/v2\/pages\/1642?print=print\" class=\"pdfprnt-button pdfprnt-button-print\" target=\"_blank\"><img decoding=\"async\" src=\"http:\/\/cidc.inder.gob.cu\/wp-content\/plugins\/pdf-print\/images\/print.png\" alt=\"image_print\" title=\"Imprimir contenido\" \/><\/a><\/div>\n<p class=\"has-medium-font-size\"><strong>FUNCIONES<\/strong><\/p>\n\n\n\n<ul class=\"wp-block-list\">\n<li>Orienta, ejecuta y controla toda la pol\u00edtica cient\u00edfica del departamento en correspondencia con las indicaciones de la direcci\u00f3n del centro y subdirecci\u00f3n de investigaciones.<\/li>\n\n\n\n<li>Promueve la informaci\u00f3n actualizada y precisa sobre los resultados de los procesos y las intervenciones cient\u00edfico-tecnol\u00f3gicas, contribuyendo al desarrollo de la pr\u00e1ctica deportiva.<\/li>\n\n\n\n<li>Dirige la aplicaci\u00f3n de las Ciencia del Entrenamiento y su sistema de control de la producci\u00f3n cient\u00edfico-tecnol\u00f3gica del CIDC.<\/li>\n\n\n\n<li>Garantiza el encadenamiento productivo interno y externo del CIDC con las diferentes \u00e1reas y departamentos de la entidad, as\u00ed como con sus usuarios o clientes externos.<\/li>\n\n\n\n<li>Garantiza la elaboraci\u00f3n e implementaci\u00f3n de las contribuciones a las soluciones de las demandas tecnol\u00f3gicas de los usuarios para cerrar el ciclo de I+D+i.<\/li>\n\n\n\n<li>Da seguimiento a la base de datos central del proyecto de la Preparaci\u00f3n Ol\u00edmpica y\/o otro proyecto que preste especial atenci\u00f3n a las contribuciones e impactos a partir de las intervenciones de las otras ciencias que convergen en el entrenamiento deportivo.<\/li>\n\n\n\n<li>Garantiza que se realicen diagn\u00f3sticos t\u00e9cnicos y metodol\u00f3gicos en los deportes del programa ol\u00edmpico atendiendo la aplicaci\u00f3n de los principios del entrenamiento deportivo para optimizar los resultados competitivos que se esperan.<\/li>\n\n\n\n<li>Garantiza que se asesoren y activen procesos de tutor\u00edas metodol\u00f3gicas en los procesos de la preparaci\u00f3n hasta lograr con garant\u00edas la introducci\u00f3n de las innovaciones metodolog\u00edas para el cierre del ciclo de la gesti\u00f3n cient\u00edfica.<\/li>\n\n\n\n<li>Coordina que se implementen soluciones t\u00e9cnicas y metodol\u00f3gicas a las demandas tecnol\u00f3gicas que se detectan en los deportes durante el proceso de preparaci\u00f3n deportiva.<\/li>\n\n\n\n<li>Coordina las intervenciones desde las ciencias del entrenamiento en los deportes que presentan demandas seg\u00fan estrategia de la Direcci\u00f3n de alto rendimiento del INDER.<\/li>\n\n\n\n<li>Promueve que se creen nuevas tecnolog\u00edas para dar soluciones a las demandas tecnol\u00f3gicas que se detecten.<\/li>\n\n\n\n<li>Promueve el desarrollo de asesor\u00edas y tutor\u00edas metodol\u00f3gicas y an\u00e1lisis integrales desde la perspectiva pedag\u00f3gica del entrenamiento deportivo hacia la integraci\u00f3n de las otras ciencias del entrenamiento y aplicadas al deporte.<\/li>\n\n\n\n<li>Elabora el informe mensual del \u00e1rea en calidad de base de datos con el cumplimiento de las acciones e intervenciones cient\u00edfico tecnol\u00f3gico realizado atendiendo de forma especial los atletas estrat\u00e9gicos y no estrat\u00e9gicos.<\/li>\n\n\n\n<li>Atiende la actualizaci\u00f3n sistem\u00e1tica de la base de datos de los procesos y las intervenciones cient\u00edfico tecnol\u00f3gico realizado por el CIDC y sus responsables con atenci\u00f3n al cierre del ciclo cient\u00edfico productivo.<\/li>\n\n\n\n<li>Vela por el correcto cierre del ciclo cient\u00edfico de las contribuciones y su tutor\u00eda metodol\u00f3gica de terreno para los procesos de I+D+i<\/li>\n\n\n\n<li>Hace cumplir con el sistema de chequeos peri\u00f3dicos a la preparaci\u00f3n deportiva que desarrolla la direcci\u00f3n de alto rendimiento del INDER, en calidad de cliente principal del proyecto de Preparaci\u00f3n Ol\u00edmpica.<\/li>\n\n\n\n<li>Elabora los objetivos anuales a alcanzar en el departamento en correspondencia con la estrategia de la identidad aprobada. Controla peri\u00f3dicamente este aspecto<\/li>\n\n\n\n<li>Garantiza el cumplimiento del aprobado en la misi\u00f3n y visi\u00f3n del centro.<\/li>\n\n\n\n<li>Programa y controla reuniones y otras actividades principales a desarrollar en el departamento y \u00e1reas que atiende.<\/li>\n\n\n\n<li>Controla sistem\u00e1ticamente el cumplimiento del plan de medidas para la prevenci\u00f3n, detecci\u00f3n y enfrentamiento a las indisciplinas, ilegalidades y manifestaciones de corrupci\u00f3n relacionada con la actividad que atiende.<\/li>\n\n\n\n<li>&nbsp;Establece una adecuada comunicaci\u00f3n entre la direcci\u00f3n del CIDC y el departamento Ciencias del Entrenamiento y el resto de las \u00e1reas y trabajadores de la entidad.<\/li>\n\n\n\n<li>Involucra a los trabajadores de su departamento en las tareas del control interno y garantiza que participen en toda la gesti\u00f3n determinando los riesgos y medidas a tomar para evitar da\u00f1os a la propiedad estatal.<\/li>\n\n\n\n<li>Atiende, organiza y controla las diferentes reuniones que realiza el departamento con la actividad de las investigaciones y otras relacionadas con sus \u00e1reas.<\/li>\n\n\n\n<li>&nbsp;Analiza las situaciones de su \u00e1rea, proponiendo las medidas disciplinarias necesarias a sus subordinados.<\/li>\n\n\n\n<li>Controla y prioriza los procesos tecnol\u00f3gicos y solicitados al CIDC, as\u00ed como la calidad de los informes realizados por cada \u00e1rea.<\/li>\n<\/ul>\n\n\n\n<p><strong>PLANTILLA&nbsp;<\/strong><\/p>\n\n\n\n<figure class=\"wp-block-table\"><table class=\"has-fixed-layout\"><thead><tr><th><strong>CARGO<\/strong><\/th><th><strong>TRABAJADORES<\/strong><\/th><\/tr><\/thead><tbody><tr><td>Jefe de Departamento (III Nivel de Direcci\u00f3n)<\/td><td>1<\/td><\/tr><tr><td><strong>Total<\/strong><\/td><td><strong>1<\/strong><\/td><\/tr><\/tbody><\/table><\/figure>\n","protected":false},"excerpt":{"rendered":"<p>FUNCIONES PLANTILLA&nbsp; CARGO TRABAJADORES Jefe de Departamento (III Nivel de Direcci\u00f3n) 1 Total 1<\/p>\n","protected":false},"author":1,"featured_media":0,"parent":0,"menu_order":0,"comment_status":"closed","ping_status":"closed","template":"","meta":{"_vp_format_video_url":"","_vp_image_focal_point":[],"footnotes":""},"class_list":["post-1642","page","type-page","status-publish","hentry"],"_links":{"self":[{"href":"http:\/\/cidc.inder.gob.cu\/index.php\/wp-json\/wp\/v2\/pages\/1642","targetHints":{"allow":["GET"]}}],"collection":[{"href":"http:\/\/cidc.inder.gob.cu\/index.php\/wp-json\/wp\/v2\/pages"}],"about":[{"href":"http:\/\/cidc.inder.gob.cu\/index.php\/wp-json\/wp\/v2\/types\/page"}],"author":[{"embeddable":true,"href":"http:\/\/cidc.inder.gob.cu\/index.php\/wp-json\/wp\/v2\/users\/1"}],"replies":[{"embeddable":true,"href":"http:\/\/cidc.inder.gob.cu\/index.php\/wp-json\/wp\/v2\/comments?post=1642"}],"version-history":[{"count":1,"href":"http:\/\/cidc.inder.gob.cu\/index.php\/wp-json\/wp\/v2\/pages\/1642\/revisions"}],"predecessor-version":[{"id":1643,"href":"http:\/\/cidc.inder.gob.cu\/index.php\/wp-json\/wp\/v2\/pages\/1642\/revisions\/1643"}],"wp:attachment":[{"href":"http:\/\/cidc.inder.gob.cu\/index.php\/wp-json\/wp\/v2\/media?parent=1642"}],"curies":[{"name":"wp","href":"https:\/\/api.w.org\/{rel}","templated":true}]}}