{"id":2616,"date":"2024-04-17T16:47:38","date_gmt":"2024-04-17T16:47:38","guid":{"rendered":"http:\/\/cidc.inder.gob.cu\/?page_id=2616"},"modified":"2024-04-17T17:11:05","modified_gmt":"2024-04-17T17:11:05","slug":"ediciones-emitidas","status":"publish","type":"page","link":"http:\/\/cidc.inder.gob.cu\/index.php\/ediciones-emitidas\/","title":{"rendered":"Ediciones Emitidas"},"content":{"rendered":"<div class=\"pdfprnt-buttons pdfprnt-buttons-page pdfprnt-top-right\"><a href=\"http:\/\/cidc.inder.gob.cu\/index.php\/wp-json\/wp\/v2\/pages\/2616?print=pdf\" class=\"pdfprnt-button pdfprnt-button-pdf\" target=\"_blank\"><img decoding=\"async\" src=\"http:\/\/cidc.inder.gob.cu\/wp-content\/plugins\/pdf-print\/images\/pdf.png\" alt=\"image_pdf\" title=\"Ver PDF\" \/><\/a><a href=\"http:\/\/cidc.inder.gob.cu\/index.php\/wp-json\/wp\/v2\/pages\/2616?print=print\" class=\"pdfprnt-button pdfprnt-button-print\" target=\"_blank\"><img decoding=\"async\" src=\"http:\/\/cidc.inder.gob.cu\/wp-content\/plugins\/pdf-print\/images\/print.png\" alt=\"image_print\" title=\"Imprimir contenido\" \/><\/a><\/div>\n<figure class=\"wp-block-image size-full\"><img loading=\"lazy\" decoding=\"async\" width=\"3160\" height=\"496\" src=\"http:\/\/cidc.inder.gob.cu\/wp-content\/uploads\/2024\/04\/ediciones_emitidas.png\" alt=\"\" class=\"wp-image-2623\" srcset=\"http:\/\/cidc.inder.gob.cu\/wp-content\/uploads\/2024\/04\/ediciones_emitidas.png 3160w, http:\/\/cidc.inder.gob.cu\/wp-content\/uploads\/2024\/04\/ediciones_emitidas-300x47.png 300w, http:\/\/cidc.inder.gob.cu\/wp-content\/uploads\/2024\/04\/ediciones_emitidas-768x121.png 768w, http:\/\/cidc.inder.gob.cu\/wp-content\/uploads\/2024\/04\/ediciones_emitidas-1536x241.png 1536w, http:\/\/cidc.inder.gob.cu\/wp-content\/uploads\/2024\/04\/ediciones_emitidas-2048x321.png 2048w, http:\/\/cidc.inder.gob.cu\/wp-content\/uploads\/2024\/04\/ediciones_emitidas-500x78.png 500w, http:\/\/cidc.inder.gob.cu\/wp-content\/uploads\/2024\/04\/ediciones_emitidas-800x126.png 800w, http:\/\/cidc.inder.gob.cu\/wp-content\/uploads\/2024\/04\/ediciones_emitidas-1280x201.png 1280w, http:\/\/cidc.inder.gob.cu\/wp-content\/uploads\/2024\/04\/ediciones_emitidas-1920x301.png 1920w\" sizes=\"auto, (max-width: 3160px) 100vw, 3160px\" \/><\/figure>\n\n\n\n<figure class=\"wp-block-table is-style-stripes\"><table class=\"has-fixed-layout\"><thead><tr><th>No. Edici\u00f3n<\/th><th>Titulo de la edici\u00f3n<\/th><th><strong>Descripci\u00f3n<\/strong><\/th><th>Ver revista<\/th><\/tr><\/thead><tbody><tr><td><\/td><td><\/td><td><\/td><td><\/td><\/tr><tr><td><\/td><td><\/td><td><\/td><td><\/td><\/tr><tr><td><\/td><td><\/td><td><\/td><td><\/td><\/tr><\/tbody><\/table><\/figure>\n","protected":false},"excerpt":{"rendered":"<p>No. Edici\u00f3n Titulo de la edici\u00f3n Descripci\u00f3n Ver revista<\/p>\n","protected":false},"author":1,"featured_media":0,"parent":0,"menu_order":0,"comment_status":"closed","ping_status":"closed","template":"","meta":{"_vp_format_video_url":"","_vp_image_focal_point":[],"footnotes":""},"class_list":["post-2616","page","type-page","status-publish","hentry"],"_links":{"self":[{"href":"http:\/\/cidc.inder.gob.cu\/index.php\/wp-json\/wp\/v2\/pages\/2616","targetHints":{"allow":["GET"]}}],"collection":[{"href":"http:\/\/cidc.inder.gob.cu\/index.php\/wp-json\/wp\/v2\/pages"}],"about":[{"href":"http:\/\/cidc.inder.gob.cu\/index.php\/wp-json\/wp\/v2\/types\/page"}],"author":[{"embeddable":true,"href":"http:\/\/cidc.inder.gob.cu\/index.php\/wp-json\/wp\/v2\/users\/1"}],"replies":[{"embeddable":true,"href":"http:\/\/cidc.inder.gob.cu\/index.php\/wp-json\/wp\/v2\/comments?post=2616"}],"version-history":[{"count":2,"href":"http:\/\/cidc.inder.gob.cu\/index.php\/wp-json\/wp\/v2\/pages\/2616\/revisions"}],"predecessor-version":[{"id":2625,"href":"http:\/\/cidc.inder.gob.cu\/index.php\/wp-json\/wp\/v2\/pages\/2616\/revisions\/2625"}],"wp:attachment":[{"href":"http:\/\/cidc.inder.gob.cu\/index.php\/wp-json\/wp\/v2\/media?parent=2616"}],"curies":[{"name":"wp","href":"https:\/\/api.w.org\/{rel}","templated":true}]}}