{"id":71,"date":"2022-04-13T15:08:06","date_gmt":"2022-04-13T15:08:06","guid":{"rendered":"http:\/\/127.0.0.1\/cidc\/?page_id=71"},"modified":"2023-04-11T13:20:23","modified_gmt":"2023-04-11T13:20:23","slug":"historia","status":"publish","type":"page","link":"http:\/\/cidc.inder.gob.cu\/index.php\/historia\/","title":{"rendered":"Historia"},"content":{"rendered":"<div class=\"pdfprnt-buttons pdfprnt-buttons-page pdfprnt-top-right\"><a href=\"http:\/\/cidc.inder.gob.cu\/index.php\/wp-json\/wp\/v2\/pages\/71?print=pdf\" class=\"pdfprnt-button pdfprnt-button-pdf\" target=\"_blank\"><img decoding=\"async\" src=\"http:\/\/cidc.inder.gob.cu\/wp-content\/plugins\/pdf-print\/images\/pdf.png\" alt=\"image_pdf\" title=\"Ver PDF\" \/><\/a><a href=\"http:\/\/cidc.inder.gob.cu\/index.php\/wp-json\/wp\/v2\/pages\/71?print=print\" class=\"pdfprnt-button pdfprnt-button-print\" target=\"_blank\"><img decoding=\"async\" src=\"http:\/\/cidc.inder.gob.cu\/wp-content\/plugins\/pdf-print\/images\/print.png\" alt=\"image_print\" title=\"Imprimir contenido\" \/><\/a><\/div>\n<figure class=\"wp-block-image size-large\"><img loading=\"lazy\" decoding=\"async\" width=\"1024\" height=\"161\" src=\"http:\/\/cidc.inder.gob.cu\/wp-content\/uploads\/2022\/06\/banner_historia-1024x161.png\" alt=\"\" class=\"wp-image-312\" srcset=\"http:\/\/cidc.inder.gob.cu\/wp-content\/uploads\/2022\/06\/banner_historia-1024x161.png 1024w, http:\/\/cidc.inder.gob.cu\/wp-content\/uploads\/2022\/06\/banner_historia-300x47.png 300w, http:\/\/cidc.inder.gob.cu\/wp-content\/uploads\/2022\/06\/banner_historia-768x121.png 768w, http:\/\/cidc.inder.gob.cu\/wp-content\/uploads\/2022\/06\/banner_historia-1536x241.png 1536w, http:\/\/cidc.inder.gob.cu\/wp-content\/uploads\/2022\/06\/banner_historia-2048x321.png 2048w, http:\/\/cidc.inder.gob.cu\/wp-content\/uploads\/2022\/06\/banner_historia-500x78.png 500w, http:\/\/cidc.inder.gob.cu\/wp-content\/uploads\/2022\/06\/banner_historia-800x126.png 800w, http:\/\/cidc.inder.gob.cu\/wp-content\/uploads\/2022\/06\/banner_historia-1280x201.png 1280w, http:\/\/cidc.inder.gob.cu\/wp-content\/uploads\/2022\/06\/banner_historia-1920x301.png 1920w\" sizes=\"auto, (max-width: 1024px) 100vw, 1024px\" \/><\/figure>\n\n\n\n<p class=\"has-medium-font-size\"><strong>HISTORIA<\/strong><\/p>\n\n\n\n<p class=\"has-medium-font-size\"><strong>INFORMACI\u00d3N GENERAL SOBRE EL CENTRO DE INVESTIGACIONES DEL DEPORTE CUBANO<\/strong><\/p>\n\n\n\n<p><\/p>\n\n\n\n<p>Centro de Investigaciones del Deporte Cubano (CIDC).<\/p>\n\n\n\n<p>Nuestro centro se crea mediante la resoluci\u00f3n No. 88 del 2017 emitida por el Dr. C. Antonio Eduardo Becali Garrido presidente del Instituto Nacional de Deportes, Educaci\u00f3n F\u00edsica y Recreaci\u00f3n (INDER).<\/p>\n\n\n\n<p>El INDER, como organismo rector de la pr\u00e1ctica de la Educaci\u00f3n F\u00edsica, el Deporte y la Recreaci\u00f3n, se vincula a la pol\u00edtica del CITMA y establece acciones a concretar en \u00e1reas de prioridades para la actividad cient\u00edfico\u2013tecnol\u00f3gica, particularmente en lo que respecta a alcanzar o mantener la excelencia y competitividad en los servicios que ofrece. En el a\u00f1o 1998 se constituye el Sistema de Ciencia e Innovaci\u00f3n Tecnol\u00f3gica de Cultura F\u00edsica y Deporte (SCITMA), el cual ha sido renovado en varios momentos acordes con las necesidades de la organizaci\u00f3n y la pol\u00edtica cient\u00edfica del pa\u00eds, implement\u00e1ndose en todo el Sistema, con resultados que han respaldado el accionar del INDER sobre su encargo social, pero a\u00fan con insatisfacciones de la organizaci\u00f3n, la poblaci\u00f3n y la direcci\u00f3n del Estado, que atentan contra la sostenibilidad de los logros obtenidos y que requieren, para su soluci\u00f3n, de la aplicaci\u00f3n de la Ciencia, la Innovaci\u00f3n, la Tecnolog\u00eda y de protecci\u00f3n ambiental desde otra mirada o forma de organizaci\u00f3n, lo que impone la necesidad de la actualizaci\u00f3n del Sistema.<\/p>\n\n\n\n<p>A partir de la necesidad de potenciar la investigaci\u00f3n cient\u00edfica en la actividad deportiva de manera que se pudieran mantener y superar los resultados de pr\u00e1cticas de actividad f\u00edsica y deportes alcanzados por Cuba a partir del triunfo revolucionario, se dictamin\u00f3 desde el a\u00f1o 2015, reorientar la utilizaci\u00f3n de un inmueble del INDER que estaba dentro de la UCCFD \u201cManuel Fajardo\u201d, para la creaci\u00f3n del Centro de Investigaciones del Deporte Cubano.<\/p>\n\n\n\n<p>Para estos fines, el INDER restaur\u00f3 y recuper\u00f3 el edificio y se crearon las condiciones de infraestructura, apoyadas por un financiamiento no reembolsable bajo condiciones del Convenio UCCFD \u201cManuel Fajardo \u201c- Jap\u00f3n, para el funcionamiento de seis importantes \u00e1reas del conocimiento que sustentan cient\u00edfica y tecnol\u00f3gicamente el accionar del deporte cubano con una mirada desde las ciencias aplicadas al entrenamiento deportivo.\u00a0<\/p>\n\n\n\n<p>La entidad tiene como misi\u00f3n fundamental apoyar el desarrollo del deporte cubano con el sustento de la ciencia y la tecnolog\u00eda avanzada donde se prestan servicios de:<\/p>\n\n\n\n<ul class=\"wp-block-list\">\n<li>Estudios Biomec\u00e1nicos.<\/li>\n\n\n\n<li>Controles de desarrollo Morfo- Funcional.<\/li>\n\n\n\n<li>Desarrollo de conductas psicosociales y fisiol\u00f3gicas.<\/li>\n\n\n\n<li>Procesos de informaci\u00f3n e informatizaci\u00f3n a trav\u00e9s del entorno externo e interno que inciden en el deporte cubano.<\/li>\n\n\n\n<li>Desarrollo de nuevas tecnolog\u00edas.<\/li>\n<\/ul>\n","protected":false},"excerpt":{"rendered":"<p>HISTORIA INFORMACI\u00d3N GENERAL SOBRE EL CENTRO DE INVESTIGACIONES DEL DEPORTE CUBANO Centro de Investigaciones del Deporte Cubano (CIDC). Nuestro centro<\/p>\n","protected":false},"author":1,"featured_media":0,"parent":0,"menu_order":0,"comment_status":"closed","ping_status":"closed","template":"","meta":{"_vp_format_video_url":"","_vp_image_focal_point":[],"footnotes":""},"class_list":["post-71","page","type-page","status-publish","hentry"],"_links":{"self":[{"href":"http:\/\/cidc.inder.gob.cu\/index.php\/wp-json\/wp\/v2\/pages\/71","targetHints":{"allow":["GET"]}}],"collection":[{"href":"http:\/\/cidc.inder.gob.cu\/index.php\/wp-json\/wp\/v2\/pages"}],"about":[{"href":"http:\/\/cidc.inder.gob.cu\/index.php\/wp-json\/wp\/v2\/types\/page"}],"author":[{"embeddable":true,"href":"http:\/\/cidc.inder.gob.cu\/index.php\/wp-json\/wp\/v2\/users\/1"}],"replies":[{"embeddable":true,"href":"http:\/\/cidc.inder.gob.cu\/index.php\/wp-json\/wp\/v2\/comments?post=71"}],"version-history":[{"count":4,"href":"http:\/\/cidc.inder.gob.cu\/index.php\/wp-json\/wp\/v2\/pages\/71\/revisions"}],"predecessor-version":[{"id":1614,"href":"http:\/\/cidc.inder.gob.cu\/index.php\/wp-json\/wp\/v2\/pages\/71\/revisions\/1614"}],"wp:attachment":[{"href":"http:\/\/cidc.inder.gob.cu\/index.php\/wp-json\/wp\/v2\/media?parent=71"}],"curies":[{"name":"wp","href":"https:\/\/api.w.org\/{rel}","templated":true}]}}