{"id":786,"date":"2022-09-22T15:51:58","date_gmt":"2022-09-22T15:51:58","guid":{"rendered":"http:\/\/cidc.inder.gob.cu\/?page_id=786"},"modified":"2022-09-22T22:25:24","modified_gmt":"2022-09-22T22:25:24","slug":"observatorio-de-politicas-publicas-del-deporte-educacion-fisica-recreacion-y-actividad-fisica","status":"publish","type":"page","link":"http:\/\/cidc.inder.gob.cu\/index.php\/observatorio-de-politicas-publicas-del-deporte-educacion-fisica-recreacion-y-actividad-fisica\/","title":{"rendered":"Observatorio de Pol\u00edticas P\u00fablicas del Deporte"},"content":{"rendered":"<div class=\"pdfprnt-buttons pdfprnt-buttons-page pdfprnt-top-right\"><a href=\"http:\/\/cidc.inder.gob.cu\/index.php\/wp-json\/wp\/v2\/pages\/786?print=pdf\" class=\"pdfprnt-button pdfprnt-button-pdf\" target=\"_blank\"><img decoding=\"async\" src=\"http:\/\/cidc.inder.gob.cu\/wp-content\/plugins\/pdf-print\/images\/pdf.png\" alt=\"image_pdf\" title=\"Ver PDF\" \/><\/a><a href=\"http:\/\/cidc.inder.gob.cu\/index.php\/wp-json\/wp\/v2\/pages\/786?print=print\" class=\"pdfprnt-button pdfprnt-button-print\" target=\"_blank\"><img decoding=\"async\" src=\"http:\/\/cidc.inder.gob.cu\/wp-content\/plugins\/pdf-print\/images\/print.png\" alt=\"image_print\" title=\"Imprimir contenido\" \/><\/a><\/div><div class=\"wp-block-image\">\n<figure class=\"aligncenter size-full\"><img loading=\"lazy\" decoding=\"async\" width=\"3160\" height=\"496\" src=\"http:\/\/cidc.inder.gob.cu\/wp-content\/uploads\/2022\/09\/banner_observatorio.png\" alt=\"\" class=\"wp-image-852\" srcset=\"http:\/\/cidc.inder.gob.cu\/wp-content\/uploads\/2022\/09\/banner_observatorio.png 3160w, http:\/\/cidc.inder.gob.cu\/wp-content\/uploads\/2022\/09\/banner_observatorio-300x47.png 300w, http:\/\/cidc.inder.gob.cu\/wp-content\/uploads\/2022\/09\/banner_observatorio-768x121.png 768w, http:\/\/cidc.inder.gob.cu\/wp-content\/uploads\/2022\/09\/banner_observatorio-1536x241.png 1536w, http:\/\/cidc.inder.gob.cu\/wp-content\/uploads\/2022\/09\/banner_observatorio-2048x321.png 2048w, http:\/\/cidc.inder.gob.cu\/wp-content\/uploads\/2022\/09\/banner_observatorio-500x78.png 500w, http:\/\/cidc.inder.gob.cu\/wp-content\/uploads\/2022\/09\/banner_observatorio-800x126.png 800w, http:\/\/cidc.inder.gob.cu\/wp-content\/uploads\/2022\/09\/banner_observatorio-1280x201.png 1280w, http:\/\/cidc.inder.gob.cu\/wp-content\/uploads\/2022\/09\/banner_observatorio-1920x301.png 1920w\" sizes=\"auto, (max-width: 3160px) 100vw, 3160px\" \/><\/figure>\n<\/div>\n\n\n<p class=\"has-medium-font-size\">Observatorio de Pol\u00edticas P\u00fablicas del Deporte, Educaci\u00f3n F\u00edsica, Recreaci\u00f3n y Actividad F\u00edsica<\/p>\n","protected":false},"excerpt":{"rendered":"<p>Observatorio de Pol\u00edticas P\u00fablicas del Deporte, Educaci\u00f3n F\u00edsica, Recreaci\u00f3n y Actividad F\u00edsica<\/p>\n","protected":false},"author":1,"featured_media":0,"parent":0,"menu_order":0,"comment_status":"closed","ping_status":"closed","template":"","meta":{"_vp_format_video_url":"","_vp_image_focal_point":[],"footnotes":""},"class_list":["post-786","page","type-page","status-publish","hentry"],"_links":{"self":[{"href":"http:\/\/cidc.inder.gob.cu\/index.php\/wp-json\/wp\/v2\/pages\/786","targetHints":{"allow":["GET"]}}],"collection":[{"href":"http:\/\/cidc.inder.gob.cu\/index.php\/wp-json\/wp\/v2\/pages"}],"about":[{"href":"http:\/\/cidc.inder.gob.cu\/index.php\/wp-json\/wp\/v2\/types\/page"}],"author":[{"embeddable":true,"href":"http:\/\/cidc.inder.gob.cu\/index.php\/wp-json\/wp\/v2\/users\/1"}],"replies":[{"embeddable":true,"href":"http:\/\/cidc.inder.gob.cu\/index.php\/wp-json\/wp\/v2\/comments?post=786"}],"version-history":[{"count":3,"href":"http:\/\/cidc.inder.gob.cu\/index.php\/wp-json\/wp\/v2\/pages\/786\/revisions"}],"predecessor-version":[{"id":853,"href":"http:\/\/cidc.inder.gob.cu\/index.php\/wp-json\/wp\/v2\/pages\/786\/revisions\/853"}],"wp:attachment":[{"href":"http:\/\/cidc.inder.gob.cu\/index.php\/wp-json\/wp\/v2\/media?parent=786"}],"curies":[{"name":"wp","href":"https:\/\/api.w.org\/{rel}","templated":true}]}}