{"id":81,"date":"2022-04-13T15:09:56","date_gmt":"2022-04-13T15:09:56","guid":{"rendered":"http:\/\/127.0.0.1\/cidc\/?page_id=81"},"modified":"2023-04-11T13:52:36","modified_gmt":"2023-04-11T13:52:36","slug":"biomecanica","status":"publish","type":"page","link":"http:\/\/cidc.inder.gob.cu\/index.php\/biomecanica\/","title":{"rendered":"Biomecanica"},"content":{"rendered":"<div class=\"pdfprnt-buttons pdfprnt-buttons-page pdfprnt-top-right\"><a href=\"http:\/\/cidc.inder.gob.cu\/index.php\/wp-json\/wp\/v2\/pages\/81?print=pdf\" class=\"pdfprnt-button pdfprnt-button-pdf\" target=\"_blank\"><img decoding=\"async\" src=\"http:\/\/cidc.inder.gob.cu\/wp-content\/plugins\/pdf-print\/images\/pdf.png\" alt=\"image_pdf\" title=\"Ver PDF\" \/><\/a><a href=\"http:\/\/cidc.inder.gob.cu\/index.php\/wp-json\/wp\/v2\/pages\/81?print=print\" class=\"pdfprnt-button pdfprnt-button-print\" target=\"_blank\"><img decoding=\"async\" src=\"http:\/\/cidc.inder.gob.cu\/wp-content\/plugins\/pdf-print\/images\/print.png\" alt=\"image_print\" title=\"Imprimir contenido\" \/><\/a><\/div><div class=\"wp-block-image\">\n<figure class=\"aligncenter size-full\"><img loading=\"lazy\" decoding=\"async\" width=\"3160\" height=\"496\" src=\"http:\/\/cidc.inder.gob.cu\/wp-content\/uploads\/2022\/09\/banner_biomecanica.png\" alt=\"\" class=\"wp-image-867\" srcset=\"http:\/\/cidc.inder.gob.cu\/wp-content\/uploads\/2022\/09\/banner_biomecanica.png 3160w, http:\/\/cidc.inder.gob.cu\/wp-content\/uploads\/2022\/09\/banner_biomecanica-300x47.png 300w, http:\/\/cidc.inder.gob.cu\/wp-content\/uploads\/2022\/09\/banner_biomecanica-768x121.png 768w, http:\/\/cidc.inder.gob.cu\/wp-content\/uploads\/2022\/09\/banner_biomecanica-1536x241.png 1536w, http:\/\/cidc.inder.gob.cu\/wp-content\/uploads\/2022\/09\/banner_biomecanica-2048x321.png 2048w, http:\/\/cidc.inder.gob.cu\/wp-content\/uploads\/2022\/09\/banner_biomecanica-500x78.png 500w, http:\/\/cidc.inder.gob.cu\/wp-content\/uploads\/2022\/09\/banner_biomecanica-800x126.png 800w, http:\/\/cidc.inder.gob.cu\/wp-content\/uploads\/2022\/09\/banner_biomecanica-1280x201.png 1280w, http:\/\/cidc.inder.gob.cu\/wp-content\/uploads\/2022\/09\/banner_biomecanica-1920x301.png 1920w\" sizes=\"auto, (max-width: 3160px) 100vw, 3160px\" \/><\/figure>\n<\/div>\n\n<div class=\"wp-block-image\">\n<figure class=\"aligncenter size-full\"><img loading=\"lazy\" decoding=\"async\" width=\"1000\" height=\"666\" src=\"http:\/\/cidc.inder.gob.cu\/wp-content\/uploads\/2023\/04\/Biomecanica.jpg\" alt=\"\" class=\"wp-image-1630\" srcset=\"http:\/\/cidc.inder.gob.cu\/wp-content\/uploads\/2023\/04\/Biomecanica.jpg 1000w, http:\/\/cidc.inder.gob.cu\/wp-content\/uploads\/2023\/04\/Biomecanica-300x200.jpg 300w, http:\/\/cidc.inder.gob.cu\/wp-content\/uploads\/2023\/04\/Biomecanica-768x511.jpg 768w, http:\/\/cidc.inder.gob.cu\/wp-content\/uploads\/2023\/04\/Biomecanica-500x333.jpg 500w, http:\/\/cidc.inder.gob.cu\/wp-content\/uploads\/2023\/04\/Biomecanica-800x533.jpg 800w\" sizes=\"auto, (max-width: 1000px) 100vw, 1000px\" \/><\/figure>\n<\/div>\n\n\n<p class=\"has-medium-font-size\"><strong>FUNCIONES<\/strong><\/p>\n\n\n\n<ul class=\"wp-block-list\">\n<li>Analiza la cinem\u00e1tica y la cin\u00e9tica de los movimientos que ejecutan los atletas en el gesto deportivo competitivo desde la prospectiva mec\u00e1nica de su ejecuci\u00f3n.<\/li>\n\n\n\n<li>Estudia y establece correcciones y\/o adecuaciones mec\u00e1nicas de los movimientos.<\/li>\n\n\n\n<li>Establece comparaciones entre atletas y detectar debilidades y fortalezas mec\u00e1nicas entre atletas que se estudian.<\/li>\n\n\n\n<li>Estudia los movimientos del hombre en el proceso de los ejercicios f\u00edsicos, analizando las acciones motoras del deportista como sistemas de movimientos activos rec\u00edprocamente interrelacionados.<\/li>\n\n\n\n<li>Investiga la estructura, propiedades y funciones motoras del cuerpo del deportista, adem\u00e1s de la t\u00e9cnica m\u00e1s racional para ejecutar una acci\u00f3n motora dirigida al perfeccionamiento del atleta.<\/li>\n\n\n\n<li>Analiza e identifica atletas cubanos modelos para estudiar.<\/li>\n\n\n\n<li>Dise\u00f1a Modelos matem\u00e1ticos de pron\u00f3sticos y seguimiento de la preparaci\u00f3n.<\/li>\n\n\n\n<li>Garantiza el aseguramiento matem\u00e1tico estad\u00edstico de las investigaciones.<\/li>\n\n\n\n<li>Crea los est\u00e1ndares de referencia biomec\u00e1nicos a partir de los resultados de los atletas cubanos que alcancen grandes resultados mundiales y ol\u00edmpicos.<\/li>\n\n\n\n<li>Elabora de conjunto con el Departamento de Ciencias del Entrenamiento soluciones a las debilidades mec\u00e1nicas que aparezcan en la preparaci\u00f3n deportiva.<\/li>\n<\/ul>\n\n\n\n<ul class=\"wp-block-list\">\n<li>Elabora el informe mensual del \u00e1rea en calidad de base de datos con el cumplimiento de las acciones y estudios cient\u00edfico-tecnol\u00f3gicos realizados atendiendo de forma especial los atletas estrat\u00e9gicos y no estrat\u00e9gicos.<\/li>\n\n\n\n<li>Trabaja para mantener la condici\u00f3n de Centro de Investigaci\u00f3n otorgada por el CITMA.<\/li>\n<\/ul>\n\n\n\n<p><strong>PLANTILLA<\/strong><\/p>\n\n\n\n<figure class=\"wp-block-table\"><table class=\"has-fixed-layout\"><thead><tr><th><strong>CARGO<\/strong><\/th><th><strong>TRABAJADORES<\/strong><\/th><\/tr><\/thead><tbody><tr><td>Aspirante Investigador (EP).<\/td><td>1<\/td><\/tr><tr><td>Investigador Agregado.<\/td><td>1<\/td><\/tr><tr><td>Aspirante Investigador.<\/td><td>1<\/td><\/tr><tr><td>Especialista en Investigaci\u00f3n, Innovaci\u00f3n y Desarrollo.<\/td><td>2<\/td><\/tr><tr><td><strong>Total<\/strong><\/td><td><strong>5<\/strong><\/td><\/tr><\/tbody><\/table><\/figure>\n\n\n\n<p><\/p>\n","protected":false},"excerpt":{"rendered":"<p>FUNCIONES PLANTILLA CARGO TRABAJADORES Aspirante Investigador (EP). 1 Investigador Agregado. 1 Aspirante Investigador. 1 Especialista en Investigaci\u00f3n, Innovaci\u00f3n y Desarrollo.<\/p>\n","protected":false},"author":1,"featured_media":0,"parent":0,"menu_order":0,"comment_status":"closed","ping_status":"closed","template":"","meta":{"_vp_format_video_url":"","_vp_image_focal_point":[],"footnotes":""},"class_list":["post-81","page","type-page","status-publish","hentry"],"_links":{"self":[{"href":"http:\/\/cidc.inder.gob.cu\/index.php\/wp-json\/wp\/v2\/pages\/81","targetHints":{"allow":["GET"]}}],"collection":[{"href":"http:\/\/cidc.inder.gob.cu\/index.php\/wp-json\/wp\/v2\/pages"}],"about":[{"href":"http:\/\/cidc.inder.gob.cu\/index.php\/wp-json\/wp\/v2\/types\/page"}],"author":[{"embeddable":true,"href":"http:\/\/cidc.inder.gob.cu\/index.php\/wp-json\/wp\/v2\/users\/1"}],"replies":[{"embeddable":true,"href":"http:\/\/cidc.inder.gob.cu\/index.php\/wp-json\/wp\/v2\/comments?post=81"}],"version-history":[{"count":3,"href":"http:\/\/cidc.inder.gob.cu\/index.php\/wp-json\/wp\/v2\/pages\/81\/revisions"}],"predecessor-version":[{"id":1632,"href":"http:\/\/cidc.inder.gob.cu\/index.php\/wp-json\/wp\/v2\/pages\/81\/revisions\/1632"}],"wp:attachment":[{"href":"http:\/\/cidc.inder.gob.cu\/index.php\/wp-json\/wp\/v2\/media?parent=81"}],"curies":[{"name":"wp","href":"https:\/\/api.w.org\/{rel}","templated":true}]}}