{"id":85,"date":"2022-04-13T15:11:28","date_gmt":"2022-04-13T15:11:28","guid":{"rendered":"http:\/\/127.0.0.1\/cidc\/?page_id=85"},"modified":"2023-04-11T14:00:25","modified_gmt":"2023-04-11T14:00:25","slug":"entrenamiento-y-calidad","status":"publish","type":"page","link":"http:\/\/cidc.inder.gob.cu\/index.php\/entrenamiento-y-calidad\/","title":{"rendered":"Entrenamiento y Resultado"},"content":{"rendered":"<div class=\"pdfprnt-buttons pdfprnt-buttons-page pdfprnt-top-right\"><a href=\"http:\/\/cidc.inder.gob.cu\/index.php\/wp-json\/wp\/v2\/pages\/85?print=pdf\" class=\"pdfprnt-button pdfprnt-button-pdf\" target=\"_blank\"><img decoding=\"async\" src=\"http:\/\/cidc.inder.gob.cu\/wp-content\/plugins\/pdf-print\/images\/pdf.png\" alt=\"image_pdf\" title=\"Ver PDF\" \/><\/a><a href=\"http:\/\/cidc.inder.gob.cu\/index.php\/wp-json\/wp\/v2\/pages\/85?print=print\" class=\"pdfprnt-button pdfprnt-button-print\" target=\"_blank\"><img decoding=\"async\" src=\"http:\/\/cidc.inder.gob.cu\/wp-content\/plugins\/pdf-print\/images\/print.png\" alt=\"image_print\" title=\"Imprimir contenido\" \/><\/a><\/div>\n<figure class=\"wp-block-image size-full\"><img loading=\"lazy\" decoding=\"async\" width=\"3160\" height=\"496\" src=\"http:\/\/cidc.inder.gob.cu\/wp-content\/uploads\/2022\/09\/banner_er.png\" alt=\"\" class=\"wp-image-871\" srcset=\"http:\/\/cidc.inder.gob.cu\/wp-content\/uploads\/2022\/09\/banner_er.png 3160w, http:\/\/cidc.inder.gob.cu\/wp-content\/uploads\/2022\/09\/banner_er-300x47.png 300w, http:\/\/cidc.inder.gob.cu\/wp-content\/uploads\/2022\/09\/banner_er-768x121.png 768w, http:\/\/cidc.inder.gob.cu\/wp-content\/uploads\/2022\/09\/banner_er-1536x241.png 1536w, http:\/\/cidc.inder.gob.cu\/wp-content\/uploads\/2022\/09\/banner_er-2048x321.png 2048w, http:\/\/cidc.inder.gob.cu\/wp-content\/uploads\/2022\/09\/banner_er-500x78.png 500w, http:\/\/cidc.inder.gob.cu\/wp-content\/uploads\/2022\/09\/banner_er-800x126.png 800w, http:\/\/cidc.inder.gob.cu\/wp-content\/uploads\/2022\/09\/banner_er-1280x201.png 1280w, http:\/\/cidc.inder.gob.cu\/wp-content\/uploads\/2022\/09\/banner_er-1920x301.png 1920w\" sizes=\"auto, (max-width: 3160px) 100vw, 3160px\" \/><\/figure>\n\n\n\n<p class=\"has-medium-font-size\"><strong>FUNCIONES<\/strong><\/p>\n\n\n\n<ul class=\"wp-block-list\">\n<li>Garantiza la aplicaci\u00f3n de las ciencias del entrenamiento deportivo y su sistema de control de la producci\u00f3n cient\u00edfico-tecnol\u00f3gica del CIDC.<\/li>\n\n\n\n<li>Funciona como interface para la elaboraci\u00f3n e implementaci\u00f3n de las contribuciones a las soluciones de las demandas tecnol\u00f3gicas de los usuarios para cerrar el ciclo de I+D+i.<\/li>\n\n\n\n<li>Elabora, controla y da seguimiento a la base de datos central del proyecto de la Preparaci\u00f3n Ol\u00edmpica, prestando especial atenci\u00f3n a las contribuciones e impactos a partir de las intervenciones de las otras ciencias que convergen en el entrenamiento deportivo.<\/li>\n\n\n\n<li>Realiza diagn\u00f3sticos t\u00e9cnicos y metodol\u00f3gicos en los deportes del programa ol\u00edmpico atendiendo la aplicaci\u00f3n de los principios del entrenamiento deportivo para optimizar los resultados competitivos que se esperan.<\/li>\n\n\n\n<li>Asesora procesos de tutor\u00edas metodol\u00f3gicas en los procesos de la preparaci\u00f3n hasta lograr con garant\u00edas la introducci\u00f3n de las innovaciones metodolog\u00edas para el cierre del ciclo de la gesti\u00f3n cient\u00edfica.<\/li>\n\n\n\n<li>Implementa soluciones t\u00e9cnicas y metodol\u00f3gicas a las demandas tecnol\u00f3gicas que se detectan en los deportes durante el proceso de preparaci\u00f3n deportiva.<\/li>\n\n\n\n<li>Coordina las intervenciones desde las ciencias aplicadas en los deportes que presentan demandas seg\u00fan estrategia de la Direcci\u00f3n de alto rendimiento del INDER.<\/li>\n\n\n\n<li>Coordina para crear nuevas tecnolog\u00edas que den soluciones a las demandas tecnol\u00f3gicas que se detecten.<\/li>\n\n\n\n<li>Garantiza asesor\u00edas metodol\u00f3gicas y an\u00e1lisis integrales desde la perspectiva pedag\u00f3gica del entrenamiento deportivo hacia la interdisciplinariedad de las otras ciencias aplicadas al deporte.<\/li>\n\n\n\n<li>Promueve que se creen est\u00e1ndares de referencias multi e interdisciplinarios que contribuyan a la orientaci\u00f3n de las cargas y elaboraci\u00f3n de pron\u00f3sticos potenciales de asimilaci\u00f3n de las cargas y con esto al crecimiento estrat\u00e9gico de los resultados.<\/li>\n\n\n\n<li>Atiende la actualizaci\u00f3n sistem\u00e1tica de la base de datos de las intervenciones cient\u00edfico-tecnol\u00f3gicas realizadas por el CIDC y sus responsables con atenci\u00f3n al cierre del ciclo cient\u00edfico-productivo.<\/li>\n\n\n\n<li>Trabaja para mantener la condici\u00f3n de Centro de investigaci\u00f3n otorgada por el CITMA.<\/li>\n<\/ul>\n\n\n\n<p><strong>PLANTILLA<\/strong><\/p>\n\n\n\n<figure class=\"wp-block-table\"><table class=\"has-fixed-layout\"><thead><tr><th><strong>CARGO<\/strong><\/th><th><strong>TRABAJADORES<\/strong><\/th><\/tr><\/thead><tbody><tr><td>Investigador Titular.<\/td><td>1<\/td><\/tr><tr><td>Investigador Agregado.<\/td><td>1<\/td><\/tr><tr><td>Aspirante Investigador.<\/td><td>2<\/td><\/tr><\/tbody><\/table><\/figure>\n","protected":false},"excerpt":{"rendered":"<p>FUNCIONES PLANTILLA CARGO TRABAJADORES Investigador Titular. 1 Investigador Agregado. 1 Aspirante Investigador. 2<\/p>\n","protected":false},"author":1,"featured_media":0,"parent":0,"menu_order":0,"comment_status":"closed","ping_status":"closed","template":"","meta":{"_vp_format_video_url":"","_vp_image_focal_point":[],"footnotes":""},"class_list":["post-85","page","type-page","status-publish","hentry"],"_links":{"self":[{"href":"http:\/\/cidc.inder.gob.cu\/index.php\/wp-json\/wp\/v2\/pages\/85","targetHints":{"allow":["GET"]}}],"collection":[{"href":"http:\/\/cidc.inder.gob.cu\/index.php\/wp-json\/wp\/v2\/pages"}],"about":[{"href":"http:\/\/cidc.inder.gob.cu\/index.php\/wp-json\/wp\/v2\/types\/page"}],"author":[{"embeddable":true,"href":"http:\/\/cidc.inder.gob.cu\/index.php\/wp-json\/wp\/v2\/users\/1"}],"replies":[{"embeddable":true,"href":"http:\/\/cidc.inder.gob.cu\/index.php\/wp-json\/wp\/v2\/comments?post=85"}],"version-history":[{"count":4,"href":"http:\/\/cidc.inder.gob.cu\/index.php\/wp-json\/wp\/v2\/pages\/85\/revisions"}],"predecessor-version":[{"id":1633,"href":"http:\/\/cidc.inder.gob.cu\/index.php\/wp-json\/wp\/v2\/pages\/85\/revisions\/1633"}],"wp:attachment":[{"href":"http:\/\/cidc.inder.gob.cu\/index.php\/wp-json\/wp\/v2\/media?parent=85"}],"curies":[{"name":"wp","href":"https:\/\/api.w.org\/{rel}","templated":true}]}}