{"id":89,"date":"2022-04-13T15:12:45","date_gmt":"2022-04-13T15:12:45","guid":{"rendered":"http:\/\/127.0.0.1\/cidc\/?page_id=89"},"modified":"2023-04-11T15:39:11","modified_gmt":"2023-04-11T15:39:11","slug":"registros-diagnosticos-y-proyectos","status":"publish","type":"page","link":"http:\/\/cidc.inder.gob.cu\/index.php\/registros-diagnosticos-y-proyectos\/","title":{"rendered":"Proyectos"},"content":{"rendered":"<div class=\"pdfprnt-buttons pdfprnt-buttons-page pdfprnt-top-right\"><a href=\"http:\/\/cidc.inder.gob.cu\/index.php\/wp-json\/wp\/v2\/pages\/89?print=pdf\" class=\"pdfprnt-button pdfprnt-button-pdf\" target=\"_blank\"><img decoding=\"async\" src=\"http:\/\/cidc.inder.gob.cu\/wp-content\/plugins\/pdf-print\/images\/pdf.png\" alt=\"image_pdf\" title=\"Ver PDF\" \/><\/a><a href=\"http:\/\/cidc.inder.gob.cu\/index.php\/wp-json\/wp\/v2\/pages\/89?print=print\" class=\"pdfprnt-button pdfprnt-button-print\" target=\"_blank\"><img decoding=\"async\" src=\"http:\/\/cidc.inder.gob.cu\/wp-content\/plugins\/pdf-print\/images\/print.png\" alt=\"image_print\" title=\"Imprimir contenido\" \/><\/a><\/div>\n<p class=\"has-medium-font-size\"><strong>FUNCIONES<\/strong><\/p>\n\n\n\n<ul class=\"wp-block-list\">\n<li>Realiza la asesor\u00eda y control del cumplimiento de las etapas de los proyectos y el uso adecuado de los presupuestos de los mismos.<\/li>\n\n\n\n<li>Realiza la promoci\u00f3n y ejecuci\u00f3n de los programas que correspondan para la capacitaci\u00f3n necesaria en funci\u00f3n del desarrollo de estos proyectos.<\/li>\n\n\n\n<li>Exige el estricto cumplimiento de las orientaciones de los organismos y \u00f3rganos superiores que se ofrecen sobre la ejecuci\u00f3n de los proyectos.<\/li>\n\n\n\n<li>Revisa la entrega de las informaciones y documentos de los jefes de proyectos a los diferentes financistas.<\/li>\n\n\n\n<li>Realiza la divulgaci\u00f3n de la Estrategia de Desarrollo en funci\u00f3n de los proyectos del Centro y de los del Programa Nacional\/Sectorial de Investigaciones del INDER.<\/li>\n\n\n\n<li>Exige que los temas y ejecuci\u00f3n de los proyectos est\u00e9n en funci\u00f3n del banco de problemas del F\u00f3rum de Ciencia y T\u00e9cnica.<\/li>\n\n\n\n<li>Coordina acciones con las provincias sobre el financiamiento de los proyectos aprobados del Programa Nacional\/Sectorial de Investigaciones del INDER.<\/li>\n\n\n\n<li>Promueve acciones encaminadas a lograr que los recursos destinados a las inversiones vinculadas a los proyectos se utilicen \u00f3ptimamente.<\/li>\n\n\n\n<li>Promueve el incremento sostenido de la participaci\u00f3n de los investigadores en los proyectos, procurando que todo el que est\u00e9 dispuesto a aportar sus conocimientos y esfuerzos tenga un espacio para hacerlo.<\/li>\n\n\n\n<li>Participa en la actualizaci\u00f3n sistem\u00e1tica y oportuna de la Estrategia de Desarrollo para cada Proyecto en curso.<\/li>\n\n\n\n<li>Realiza la confecci\u00f3n y elaboraci\u00f3n de los sistemas de informaci\u00f3n relacionado con los proyectos en desarrollo.<\/li>\n\n\n\n<li>Coordina los programas de trabajo para exposiciones y presentaciones de los resultados de los proyectos y ejecuta toda la documentaci\u00f3n derivada de esto.<\/li>\n\n\n\n<li>Realiza otras funciones de similar naturaleza seg\u00fan se requiera.<\/li>\n<\/ul>\n\n\n\n<p><strong>PLANTILLA&nbsp;<\/strong><\/p>\n\n\n\n<figure class=\"wp-block-table\"><table class=\"has-fixed-layout\"><thead><tr><th><strong>CARGO<\/strong><\/th><th><strong>TRABAJADORES<\/strong><\/th><\/tr><\/thead><tbody><tr><td>Especialista en Investigaci\u00f3n, Innovaci\u00f3n y Desarrollo.<\/td><td>2<\/td><\/tr><tr><td><strong>Total<\/strong><\/td><td><strong>2<\/strong><\/td><\/tr><\/tbody><\/table><\/figure>\n","protected":false},"excerpt":{"rendered":"<p>FUNCIONES PLANTILLA&nbsp; CARGO TRABAJADORES Especialista en Investigaci\u00f3n, Innovaci\u00f3n y Desarrollo. 2 Total 2<\/p>\n","protected":false},"author":1,"featured_media":0,"parent":0,"menu_order":0,"comment_status":"closed","ping_status":"closed","template":"","meta":{"_vp_format_video_url":"","_vp_image_focal_point":[],"footnotes":""},"class_list":["post-89","page","type-page","status-publish","hentry"],"_links":{"self":[{"href":"http:\/\/cidc.inder.gob.cu\/index.php\/wp-json\/wp\/v2\/pages\/89","targetHints":{"allow":["GET"]}}],"collection":[{"href":"http:\/\/cidc.inder.gob.cu\/index.php\/wp-json\/wp\/v2\/pages"}],"about":[{"href":"http:\/\/cidc.inder.gob.cu\/index.php\/wp-json\/wp\/v2\/types\/page"}],"author":[{"embeddable":true,"href":"http:\/\/cidc.inder.gob.cu\/index.php\/wp-json\/wp\/v2\/users\/1"}],"replies":[{"embeddable":true,"href":"http:\/\/cidc.inder.gob.cu\/index.php\/wp-json\/wp\/v2\/comments?post=89"}],"version-history":[{"count":4,"href":"http:\/\/cidc.inder.gob.cu\/index.php\/wp-json\/wp\/v2\/pages\/89\/revisions"}],"predecessor-version":[{"id":1645,"href":"http:\/\/cidc.inder.gob.cu\/index.php\/wp-json\/wp\/v2\/pages\/89\/revisions\/1645"}],"wp:attachment":[{"href":"http:\/\/cidc.inder.gob.cu\/index.php\/wp-json\/wp\/v2\/media?parent=89"}],"curies":[{"name":"wp","href":"https:\/\/api.w.org\/{rel}","templated":true}]}}