{"id":952,"date":"2022-09-27T00:08:37","date_gmt":"2022-09-27T00:08:37","guid":{"rendered":"http:\/\/cidc.inder.gob.cu\/?page_id=952"},"modified":"2022-09-27T00:15:30","modified_gmt":"2022-09-27T00:15:30","slug":"dr-c-idolo-gilberto-herrera","status":"publish","type":"page","link":"http:\/\/cidc.inder.gob.cu\/index.php\/dr-c-idolo-gilberto-herrera\/","title":{"rendered":"Dr. C Idolo Gilberto Herrera"},"content":{"rendered":"<div class=\"pdfprnt-buttons pdfprnt-buttons-page pdfprnt-top-right\"><a href=\"http:\/\/cidc.inder.gob.cu\/index.php\/wp-json\/wp\/v2\/pages\/952?print=pdf\" class=\"pdfprnt-button pdfprnt-button-pdf\" target=\"_blank\"><img decoding=\"async\" src=\"http:\/\/cidc.inder.gob.cu\/wp-content\/plugins\/pdf-print\/images\/pdf.png\" alt=\"image_pdf\" title=\"Ver PDF\" \/><\/a><a href=\"http:\/\/cidc.inder.gob.cu\/index.php\/wp-json\/wp\/v2\/pages\/952?print=print\" class=\"pdfprnt-button pdfprnt-button-print\" target=\"_blank\"><img decoding=\"async\" src=\"http:\/\/cidc.inder.gob.cu\/wp-content\/plugins\/pdf-print\/images\/print.png\" alt=\"image_print\" title=\"Imprimir contenido\" \/><\/a><\/div>\n<div class=\"wp-block-media-text is-vertically-aligned-top\" style=\"grid-template-columns:17% auto\"><figure class=\"wp-block-media-text__media\"><img loading=\"lazy\" decoding=\"async\" width=\"295\" height=\"295\" src=\"http:\/\/cidc.inder.gob.cu\/wp-content\/uploads\/2022\/09\/Idolo.png\" alt=\"\" class=\"wp-image-953 size-full\" srcset=\"http:\/\/cidc.inder.gob.cu\/wp-content\/uploads\/2022\/09\/Idolo.png 295w, http:\/\/cidc.inder.gob.cu\/wp-content\/uploads\/2022\/09\/Idolo-150x150.png 150w\" sizes=\"auto, (max-width: 295px) 100vw, 295px\" \/><\/figure><div class=\"wp-block-media-text__content\">\n<p class=\"has-medium-font-size\"><strong>Investigador: Dr. C. \u00cddolo Gilberto Herrera Delgado. Profesor e Investigador Titular. CIDC.<\/strong> <strong>Departamento del Entrenamiento.<\/strong><\/p>\n\n\n\n<p class=\"has-medium-font-size\"><strong>L\u00edneas de investigaci\u00f3n que desarrolla<\/strong><\/p>\n\n\n\n<ul class=\"has-medium-font-size wp-block-list\"><li>Caracterizaci\u00f3n del voleibol de sala. <\/li><li>Estrategia para el desarrollo de la capacidad de salto.<\/li><li>Sistema de entrenamiento IGHD \u2013 H 13, para el desarrollo de las acciones t\u00e9cnicas \u2013 t\u00e1cticas en el voleibol. (se trabaja desde el a\u00f1o 2006 -2020 culminaci\u00f3n con un libro)<\/li><li>Propuesta de un Test Especial de Terreno para el desarrollo de la resistencia a rapidez especial en la defensa del campo en los voleibolistas. (Publicaciones, tesis de doctorado, maestr\u00edas y pre-grado)<\/li><li>Propuesta de un Test Especial de Terreno para el desarrollo del elemento t\u00e9cnico bloqueo. (tesis de maestr\u00eda)<\/li><li>Modificaci\u00f3n del Test de Rapidez Especial No1 japon\u00e9s.\u00a0 (tesis de maestr\u00eda)<\/li><li>Efectos residuales espec\u00edficos e inespec\u00edficos de la carga de entrenamiento<\/li><li>Investigaciones realizadas en el CIDC referentes a la Potencia miembros inferiores (PMI) en los deportes de juegos con pelotas, en los equipos de la Escuela Nacional de Voleibol femenino y masculino, juveniles y mayores. (publicaciones realizadas y otras en curso).<\/li><li>Grupo experimental de entrenamiento de voleibol. Selecci\u00f3n universitaria UCCFD. Investigaciones realizadas mediante el Test de Bosco. (publicaciones realizadas y en curso, as\u00ed como expuestas en jornadas, f\u00f3rum y congresos nacionales e internacionales. Tesis de pre-grado).<\/li><li>Proyecto Potencia Miembros Inferiores para el salto vertical. CIDC.<\/li><\/ul>\n\n\n\n<p class=\"has-medium-font-size\"><strong>REGISTRO DE OBRAS PROTEGIDAS Y DE ACTOS Y CONTRATOS REFERIDOS AL DERECHO DE AUTOR<\/strong>.<\/p>\n\n\n\n<p class=\"has-medium-font-size\">Obra Registro No. 3177-09-2019. T\u00edtulo. Del solar a doctor en ciencias. 18. 09. 2019. Literaria<\/p>\n\n\n\n<p class=\"has-medium-font-size\">Obra Registro No 3372 \u2013 10 &#8211; 2019. Test de Resistencia Especial de Bloqueo.\u201d IGHD\u201d. Literaria. 18. 09. 2019<\/p>\n\n\n\n<p class=\"has-medium-font-size\">&nbsp;Obra Registro No 3373 \u2013 10- 2019. Test Especial de Terreno Herrera Ramos. 9. octubre 2019<\/p>\n\n\n\n<p class=\"has-medium-font-size\"><strong>PARTICIPACI\u00d3N EN ACTIVIDADES CIENT\u00cdFICAS \u2013 T\u00c9CNICAS. 2020<\/strong><\/p>\n\n\n\n<p class=\"has-medium-font-size\">I Conferencia ONLINE de Ciencias Aplicadas al Deporte de Alto Rendimiento<\/p>\n\n\n\n<p class=\"has-medium-font-size\">4.07.2020&nbsp;&nbsp;&nbsp;&nbsp;&nbsp; Cuba&nbsp; Sistema de preparaci\u00f3n integrado IGHD. Ponente<\/p>\n\n\n\n<p class=\"has-medium-font-size\">Intercambio ONLINE cient\u00edfico t\u00e9cnico con la direcci\u00f3n del Deporte Federativo. 11. 08. 2020&nbsp;&nbsp;&nbsp;&nbsp;&nbsp;&nbsp;&nbsp;&nbsp;&nbsp;&nbsp;&nbsp; Guatemala&nbsp;&nbsp;&nbsp; El Entrenador de Excelencia. Ponente<\/p>\n\n\n\n<p class=\"has-medium-font-size\">Conferencia ONLINE. Programa Expert Conexi\u00f3n de Panam Sport Channel.<\/p>\n\n\n\n<p class=\"has-medium-font-size\">M\u00e9xico. La preparaci\u00f3n para el salto vertical con carrera. Ponente 4 de agosto 2020.<\/p>\n\n\n\n<p class=\"has-medium-font-size\">Tutor:&nbsp; Pregrado Alumno: Alejandro Allegues Cuellar. Marzo 2020. Habana. Sistema de preparaci\u00f3n para el salto vertical<\/p>\n\n\n\n<p class=\"has-medium-font-size\">Reconocimiento Especial. CIDC. 13.01&nbsp; Habana. Por su aporte y contribuci\u00f3n a la ciencia en funci\u00f3n del desarrollo del deporte cubano.<\/p>\n\n\n\n<p class=\"has-medium-font-size\"><strong>UCCFD. Manuel Fajardo. Reconocimiento. F\u00f3rum de Ciencia y T\u00e9cnica.\u00a0 Diagn\u00f3stico del estado f\u00edsico de la reserva deportiva de la selecci\u00f3n provincial de Voleibol. 28.05, 2021.<\/strong><\/p>\n\n\n\n<p><strong>Participaci\u00f3n en actividades cient\u00edficas \u2013 t\u00e9cnicas. 2020.<\/strong><\/p>\n\n\n\n<figure class=\"wp-block-table is-style-stripes\"><table><tbody><tr><td><strong>Eventos cient\u00edficos 2020<\/strong><\/td><td>\u00a0 <strong>Pa\u00eds<\/strong><\/td><td><strong>Tema<\/strong><\/td><\/tr><tr><td>I Conferencia ONLINE de Ciencias Aplicadas al Deporte de Alto Rendimiento 4.07.2020<\/td><td>Cuba<\/td><td>Sistema de preparaci\u00f3n integrado IGHD Ponente<\/td><\/tr><tr><td>Intercambio ONLINE cient\u00edfico t\u00e9cnico con la direcci\u00f3n del Deporte Federativo. 11. 08. 2020<\/td><td>Guatemala<\/td><td>El Entrenador de Excelencia Ponente<\/td><\/tr><tr><td>4 de agosto 2020<\/td><td>M\u00e9xico<\/td><td>La preparaci\u00f3n para el salto vertical con carrera Ponente<\/td><\/tr><tr><td>Tutor: \u00cddolo Gilberto Herrera Delgado Alumno: Alejandro Allegues Cuellar. Marzo 2020<\/td><td>Habana<\/td><td>Sistema de preparaci\u00f3n para el salto vertical<\/td><\/tr><tr><td>Reconocimiento Especial. CIDC 13.01<\/td><td>Habana<\/td><td>Por su aporte y contribuci\u00f3n a la ciencia en funci\u00f3n del desarrollo del deporte cubano<\/td><\/tr><tr><td>Filmaci\u00f3n Ponencia Afide 2021. Agosto 2021<\/td><td>Habana<\/td><td>El control del entrenamiento<\/td><\/tr><tr><td>Confecci\u00f3n 2da ponencia en el equipo de trabajo de M\u00e9lix, L\u00e1zaro de la Paz, Beatriz S\u00e1nchez,<\/td><td>Habana<\/td><td>Desarrollo de la PMI en el proceso de entrenamiento del salto vertical<\/td><\/tr><tr><td>&nbsp;<\/td><td>&nbsp;<\/td><td>&nbsp;<\/td><\/tr><\/tbody><\/table><\/figure>\n<\/div><\/div>\n\n\n\n<p class=\"has-medium-font-size\"><strong>Evaluaci\u00f3n del trabajo realizado del Dr. C, \u00cddolo Gilberto Herrera Delgado, durante el primer semestre del a\u00f1o 2021.<\/strong><\/p>\n\n\n\n<p class=\"has-medium-font-size\"><strong>Superaci\u00f3n<\/strong><\/p>\n\n\n\n<p class=\"has-medium-font-size\">Superaci\u00f3n interna en el departamento Laboratorio y Ciencias del Entrenamiento: Dirige Dr. C. \u00cddolo Gilberto Herrera Delgado.&nbsp;&nbsp;&nbsp;&nbsp;&nbsp;&nbsp;&nbsp;&nbsp;&nbsp;&nbsp;&nbsp;&nbsp;&nbsp;&nbsp;&nbsp;&nbsp;&nbsp; &nbsp;&nbsp;&nbsp;&nbsp;&nbsp;Participaron: Dr. C. Alfredo R\u00edos Fuentes, Lic. Pedro Castro Amaigenda, Lic. Alejandro Allegues Cuellar y M. Sc. Yumilka Daysi Ru\u00edz Luaces.<\/p>\n\n\n\n<p class=\"has-medium-font-size\">Temas tratados:<\/p>\n\n\n\n<p class=\"has-medium-font-size\">-Estudio retrospectivo del rendimiento deportivo. Autor Dr. C. \u00cddolo Gilberto Herrera Delgado.&nbsp; Presentes: Pedro. Alex, Alfredo, Herrera, Ru\u00edz y Lestter Fr\u00edas<\/p>\n\n\n\n<p class=\"has-medium-font-size\">-An\u00e1lisis y discusi\u00f3n de la conferencia del libro \u201cEl Entrenamiento de la Capacidad de Salto\u201d Libro de Fernando Rodr\u00edguez Facal, Editorial Stadium. Presentes: Pedro. Alex, Alfredo y Herrera, Ru\u00edz<\/p>\n\n\n\n<p class=\"has-medium-font-size\">-Confecci\u00f3n, revisi\u00f3n y exposici\u00f3n en el colectivo de los temas relacionados con la Potencia en lo Miembros Inferiores para el salto vertical con vista a la preparaci\u00f3n del F\u00f3rum de base AFIDE 2021- CIDC<\/p>\n\n\n\n<p class=\"has-medium-font-size\">-Revisi\u00f3n, an\u00e1lisis y explicaci\u00f3n del mesociclo especial competitivo del a\u00f1o 2015. Clasificatorio para los J. Ol\u00edmpicos de R\u00edo 2016. Base de la tesis de Ruiz Luaces.<\/p>\n\n\n\n<p class=\"has-medium-font-size\">&#8211; An\u00e1lisis del plan de entrenamiento de Marcia Divou por todos los compa\u00f1eros del equipo. Tarea asignada por el Departamento de Alto Rendimiento (Dr. C. Farelo) y la directora de Ciencia y T\u00e9cnica (Dra. M\u00e9lix Ilizastigui) en presencia de los Especialistas del CIDC H\u00e9ctor y Patricia Mart\u00ed, durante la discusi\u00f3n del plan de entrenamiento del equipo de Gimnastica Art\u00edstica femenino, en el Plan de Entrenamiento de Marcia Divou.<\/p>\n\n\n\n<p class=\"has-medium-font-size\">-Conformaci\u00f3n de un curso de superaci\u00f3n a los entrenadores de la escuela de gimnastica art\u00edstica.<\/p>\n\n\n\n<p class=\"has-medium-font-size\">-Resultados: A pesar de hacer ingentes esfuerzos para dictar dicho curso las condiciones tecnol\u00f3gicas del CIDC y la Escuela de Gimnastica fue imposible que los entrenadores recibieran esta informaci\u00f3n, la cual es actualizada para tratamiento de la Potencia para los Miembros Inferiores para el Salto. Y por la parte del Centro de Investigaciones en obtener una experiencia \u00fanica en exponer en tiempo real el crecimiento de sus investigadores j\u00f3venes en el campo de la investigaci\u00f3n cient\u00edfica a un equipo que participar\u00eda en los Juegos Ol\u00edmpicos Tokio 2020.&nbsp;&nbsp;<\/p>\n\n\n\n<p class=\"has-medium-font-size\"><strong>Tarea permanente por iniciativa propia del compa\u00f1ero Herrera Delgado<\/strong><\/p>\n\n\n\n<p class=\"has-medium-font-size\">-La atenci\u00f3n a los adiestrados: Lic. Pedro Casto Amaigenda, Lic. Alejandro Allegues Cuellar y M. Sc. Yumilka Daysi Ru\u00edz Luaces.<\/p>\n\n\n\n<p class=\"has-medium-font-size\"><strong>Participaci\u00f3n en eventos cient\u00edficos<\/strong><\/p>\n\n\n\n<p class=\"has-medium-font-size\">-Presentaciones en la Jornada cient\u00edfica CIDC. Modalidad Poste. La Habana 2021<\/p>\n\n\n\n<ol type=\"1\" class=\"has-medium-font-size wp-block-list\"><li>T\u00edtulo: Preparaci\u00f3n y conducci\u00f3n de un equipo para las competencias<\/li><\/ol>\n\n\n\n<p class=\"has-medium-font-size\"><a>Autor: Dr. C. \u00cddolo Gilberto Herrera Delgado1.<\/a> Dra. C. Liliana M. del Monte del Monte2. Lic. Pedro Castro Amaigenda3<\/p>\n\n\n\n<p class=\"has-medium-font-size\">Resultado:&nbsp; Destacado<\/p>\n\n\n\n<p class=\"has-medium-font-size\"><strong>-T\u00edtulo<\/strong>: An\u00e1lisis de la potencia de los miembros inferiores de voleibolistas masculinos de categor\u00eda juvenil.<\/p>\n\n\n\n<p class=\"has-medium-font-size\">Autores: Lic. Pedro Castro Amaigenda1. Dr. C. \u00cddolo Gilberto Herrera Delgado2. Dr. C. Alfredo R\u00edos Fuentes3.<strong><\/strong><\/p>\n\n\n\n<p class=\"has-medium-font-size\">Resultado: Menci\u00f3n<\/p>\n\n\n\n<p class=\"has-medium-font-size\">&#8211;<strong>T\u00edtulo<\/strong>: Antecedentes hist\u00f3ricos de la Potencia Miembros Inferiores<\/p>\n\n\n\n<p class=\"has-medium-font-size\">Autor(es): M. Sc. Yumilka D. Ru\u00edz Luaces1. Dr. C. \u00cddolo Gilberto Herrera Delgado2. Lic. Pedro Castro Amaigenda3<\/p>\n\n\n\n<p class=\"has-medium-font-size\"><strong>-T\u00edtulo<\/strong>: Fuerza explosiva. Consideraciones fisiol\u00f3gicas<\/p>\n\n\n\n<p class=\"has-medium-font-size\">Autor: Lic. Alejandro Ren\u00e9 Allegues Cu\u00e9llar1. Dr. C. \u00cddolo Gilberto Herrera Delgado2. Dr. C. Alfredo R\u00edos Fuentes&nbsp;&nbsp;&nbsp;&nbsp;&nbsp;&nbsp;&nbsp;&nbsp;&nbsp;&nbsp;&nbsp;<\/p>\n\n\n\n<p class=\"has-medium-font-size\"><a><strong>Publicaciones<\/strong><\/a><\/p>\n\n\n\n<p class=\"has-medium-font-size\">CubaMotricidad 2020. Certificado. Ponente. Habana. Determinaci\u00f3n del nivel de la potencia en los miembros inferiores mediante el control de CMJ en el voleibol.<\/p>\n\n\n\n<p class=\"has-medium-font-size\"><strong>ISBN: 978- 959- 07- 2395-7<\/strong><\/p>\n\n\n\n<p class=\"has-medium-font-size\">CubaMotricidad 2020. Certificado. Ponente. Habana. Estudio retrospectivo del voleibol femenino en los ciclos ol\u00edmpicos (72-76), (76-80), (80-84). <strong>ISBN:978- 959- 07- 2395-7.<\/strong><\/p>\n\n\n\n<p class=\"has-medium-font-size\">CubaMotricidad 2020. Certificado. Panel. Habana.&nbsp;&nbsp;&nbsp;&nbsp; Control del rendimiento competitivo: su impacto para ganar<strong>. ISBN:978- 959- 07- 2395-7<\/strong><\/p>\n\n\n\n<p class=\"has-medium-font-size\">Universidad de Oriente.&nbsp; Tema: Metodolog\u00eda para el desarrollo de la rapidez especial en la defensa del campo en voleibolistas escolares masculinos. <strong>Revista Arrancada vol. 20, n\u00fam. 37, pp. 226-236, de 2020. 8. septiembre. 2020<\/strong><\/p>\n\n\n\n<p class=\"has-medium-font-size\">PODIUM Revista de Ciencia y Tecnolog\u00eda en la Cultura F\u00edsica. Volumen 16 N\u00famero 2 2021. Universidad de Pinar del R\u00edo \u201cHermanos Saiz Montes de Oca\u201d<\/p>\n\n\n\n<p class=\"has-medium-font-size\">SSN: 1996\u20132452 RNPS: 2148. Revista PODIUM, mayo-agosto 2021; 16(2):408-422.<\/p>\n\n\n\n<p class=\"has-medium-font-size\"><strong>T\u00edtulo<\/strong>: La fase exc\u00e9ntrica-conc\u00e9ntrica y el \u00edndice de fuerza reactiva en el salto con contra movimiento en voleibolistas<\/p>\n\n\n\n<p class=\"has-medium-font-size\">Autores:<\/p>\n\n\n\n<p class=\"has-medium-font-size\">\u00cddolo Gilberto Herrera Delgado1* https:\/\/orcid.org\/0000-0003-3958-5774&nbsp;<\/p>\n\n\n\n<p class=\"has-medium-font-size\">Tania Rosa Garc\u00eda Hern\u00e1ndez2 https:\/\/orcid.org\/0000-0002-6333-3158&nbsp;<\/p>\n\n\n\n<p class=\"has-medium-font-size\">Yumilka Daisy Ruiz Luaces1 https:\/\/orcid.org\/0000-0001-5571-3399&nbsp;<\/p>\n\n\n\n<p class=\"has-medium-font-size\"><strong>Resumen&nbsp;<\/strong><\/p>\n\n\n\n<p class=\"has-medium-font-size\">El trabajo que se presenta tiene como objetivo analizar la relaci\u00f3n existente entre la fase exc\u00e9ntrica-conc\u00e9ntrica y el \u00edndice de fuerza reactiva en el salto vertical con contra movimiento del equipo de voleibol, de la primera categor\u00eda de La Habana. Para ello, se hace referencia al significado de los diferentes componentes de la contracci\u00f3n muscular en la actividad deportiva, as\u00ed como otros tipos de contracciones musculares para el trabajo din\u00e1mico. Los m\u00e9todos empleados fueron de nivel te\u00f3rico y emp\u00edrico, tales como hist\u00f3rico-l\u00f3gico, inductivo\u2013deductivo, an\u00e1lisis-s\u00edntesis, revisi\u00f3n documental, la medici\u00f3n y los matem\u00e1ticos-estad\u00edsticos; estos \u00faltimos para la tabulaci\u00f3n y arribo de resultados. Se utiliz\u00f3 el m\u00e9todo de puntuaci\u00f3n de McCall para determinar la evaluaci\u00f3n de los indicadores seleccionados, donde se tiene en cuenta los valores observados por encima de la media, los cuales tienen puntuaciones est\u00e1ndar positivas, mientras que los valores por debajo de la media tienen puntuaciones est\u00e1ndar negativas. Se realiza una comparaci\u00f3n con otras investigaciones, sobrepasando en el caso de los varones por 0.8 cm. Con respecto a la media cubana, hay una diferencia de 0.7 cm. con respecto a la media espa\u00f1ola de 0.13 cm. y al analizar la referencia internacional, la diferencia est\u00e1 entre 8 y 13 cm. La informaci\u00f3n alcanzada facilit\u00f3 la correcta planificaci\u00f3n y su intensificaci\u00f3n en las cargas con pesas en la zona de fuerza m\u00e1xima, r\u00e1pida y explosiva para el incremento del salto vertical en los atletas de voleibol, reflejado en el resultado competitivo del equipo.&nbsp; Palabras clave: Fase exc\u00e9ntrica-conc\u00e9ntrica; \u00cdndice de fuerza reactiva; Salto vertical; Salto con contra movimiento; Voleibol.&nbsp;<\/p>\n\n\n\n<p class=\"has-medium-font-size\">Publicaci\u00f3n entregada a la Revista Apunts Educaci\u00f3n F\u00edsica y Deportes; web: <a href=\"https:\/\/revista\">https:\/\/revista<\/a> :-apunts.com\/. <strong>T\u00edtulo: Desarrollo de la resistencia a la rapidez especial mediante el test de terreno Herrera Ramos. (Se encuentra en fase de revisi\u00f3n editorial)<\/strong><\/p>\n\n\n\n<p class=\"has-medium-font-size\">Autores: \u00cddolo Gilberto Herrera Delgado1. Teresita Duany2. Alfredo R\u00edos Fuentes3.<\/p>\n\n\n\n<p class=\"has-medium-font-size\"><strong>Otras actividades<\/strong><\/p>\n\n\n\n<p class=\"has-medium-font-size\">-Participaci\u00f3n en la discusi\u00f3n de los planes de entrenamiento de los deportes de los Juegos Deportivos correspondiente al a\u00f1o 2021.<\/p>\n\n\n\n<p class=\"has-medium-font-size\">-Analisis del documento de manera presenciar del Profesor Arquitecto Roberto Moro P\u00e9rez relacionado con el Baloncesto cubano. 14.06.2021.<\/p>\n\n\n\n<p class=\"has-medium-font-size\">-Estudio de las orientaciones del departamento de Formaci\u00f3n doctoral relacionado con la Actividad de formaci\u00f3n te\u00f3rica metodol\u00f3gica: Los productos cient\u00edficos.<\/p>\n\n\n\n<p class=\"has-medium-font-size\">-Entregado a la Dra. Erva el expediente para aspirar a Profesor Principal de la Escuela ramal del INDER. Cumplido 18.03.<\/p>\n\n\n\n<p class=\"has-medium-font-size\">-Juegos ol\u00edmpicos: Tarea asignada. Comportamiento del rendimiento de los equipos de voleibol masculino y en especial de los participantes de Am\u00e9rica. Entregado al jefe de departamento H\u00e9ctor Luis.&nbsp;&nbsp;<\/p>\n\n\n\n<p class=\"has-medium-font-size\"><strong>Servicios prestados a las diferentes federaciones.<\/strong><\/p>\n\n\n\n<p class=\"has-medium-font-size\">-Participaci\u00f3n en el plan de entrenamiento del equipo de nacional de b\u00e9isbol de Cuba para la eliminatoria pre-ol\u00edmpico a celebrarse en la Florida.<\/p>\n\n\n\n<p class=\"has-medium-font-size\">-Partipaci\u00f3n como analista en Direcci\u00f3n de equipo durante los tres juegos de la fase clasificatoria en la Florida Estados Unidos. (al t\u00e9rmino del evento confeccione un an\u00e1lisis y nadie me ha pedido ni una sola opini\u00f3n al respecto)<\/p>\n\n\n\n<p class=\"has-medium-font-size\">-Analisis de los resultados y confecci\u00f3n del dictamen final a los deportistas de nataci\u00f3n del equipo nacional, Atletismo no convencionales y Atletismo evento 4&#215;400 m clasificado para los Juegos Ol\u00edmpicos Tokio 2020.<\/p>\n\n\n\n<p class=\"has-medium-font-size\">B\u00e9isbol: Propuesta de un diagn\u00f3stico referente al estado actual de la preparaci\u00f3n f\u00edsica mediante varios Test Pedag\u00f3gicos a la preselecci\u00f3n nacional masculina de la categor\u00eda sub23, que comenzara su preparaci\u00f3n en los primeros d\u00edas entre finales de agosto y principios de septiembre, (3 reuniones).<\/p>\n\n\n\n<p class=\"has-medium-font-size\">En la \u00faltima reuni\u00f3n a propuesta de la propia federaci\u00f3n se suspendi\u00f3 el diagnostico propuesta por el investigador del CIDC, debido a que a) los jugadores desde hace varios meses no se han entrenado por las condiciones de la pandemia que hay en Cuba y en el mundo; b) 5 -6 de los jugadores hab\u00edan contra\u00eddo la pandemia.<\/p>\n\n\n\n<p class=\"has-medium-font-size\"><strong>-Nataci\u00f3n<\/strong><\/p>\n\n\n\n<ul class=\"has-medium-font-size wp-block-list\"><li>Prueba realizada los d\u00edas 8 de enero del 2021, en el Centro de Investigaci\u00f3n del Deporte Cubano.\u00a0\u00a0\u00a0 <strong>HORA<\/strong>: 10:00\u00a0\u00a0\u00a0\u00a0 <strong>Deporte<\/strong>: Nataci\u00f3n. <strong>Atletas<\/strong> (4) Muestra estudiada: Luis Vega Torres, Rodolfo Falc\u00f3n Mojarrieta, Elizabeth G\u00e1mez, Andrea Becali.<\/li><li>Fueron entregados y discutido los an\u00e1lisis en presencia de la jefa del \u00e1rea por el CIDC y los entrenadores<\/li><li>Los entrenadores y dem\u00e1s personal responsable de estos equipos estuvieron conformes con el informe<\/li><\/ul>\n\n\n\n<p class=\"has-medium-font-size\"><strong>-Atletismos no convencionales<\/strong><\/p>\n\n\n\n<p class=\"has-medium-font-size\">Como parte del control de cargas en la preparaci\u00f3n general, se coordin\u00f3 a solicitud de la Federaci\u00f3n cubana de atletismo, una prueba de potencia de los miembros inferiores a 4 atletas no convencionales. Resaltar que es la primera prueba de este tipo en el Centro de Investigaciones del Deporte Cubano (CIDC).<\/p>\n\n\n\n<p class=\"has-medium-font-size\">Prueba realizada a 4 deportistas no convencionales de la Federaci\u00f3n de atletismo. Leinier Sav\u00f3n Pineda, Yankiel Sol Cervantes, Cristian Carlos Guillen, L\u00e1zaro Rodr\u00edguez Lazo<\/p>\n\n\n\n<p class=\"has-medium-font-size\">La prueba se realiz\u00f3 el d\u00eda 27\/4\/21 a las 9:00am en el \u00e1rea de biomec\u00e1nica del CIDC.&nbsp;&nbsp;&nbsp;<\/p>\n\n\n\n<p class=\"has-medium-font-size\">En el caso de L\u00e1zaro Rodr\u00edguez se realizaron 2 bater\u00edas de prueba, una con el fleje y otro con la pr\u00f3tesis de caminar.<\/p>\n\n\n\n<p class=\"has-medium-font-size\"><strong>-Atletismo relevo 4&#215;400 m<\/strong><\/p>\n\n\n\n<p class=\"has-medium-font-size\">Pruebas realizadas Analisis de los resultados y confecci\u00f3n del dictamen final a los deportistas del relevo 4 x 400m del equipo nacional de atletismo.<\/p>\n\n\n\n<p class=\"has-medium-font-size\">La Habana, Prueba Test de Bosco realizada la primera el d\u00eda 27.05 y la segunda el 9 de junio del 2021 a las 2:30 pm. A\u00f1o 63 del Triunfo de la Revoluci\u00f3n\u00a8.<\/p>\n\n\n\n<p class=\"has-medium-font-size\">Investigadores:<\/p>\n\n\n\n<p class=\"has-medium-font-size\">Lic. Pedro Castro Amaigenda. Dr. C. \u00cddolo Gilberto Herrera Delgado. Lic. Cesar Deulofeu Salgado. Lic. Jos\u00e9 Carlos Garc\u00eda Bohigas<\/p>\n\n\n\n<p class=\"has-medium-font-size\">Relevo 4 x 400m. atletismo femenino. Entrenador Molina<\/p>\n\n\n\n<ul class=\"has-medium-font-size wp-block-list\"><li>Fueron entregados y discutido los an\u00e1lisis por parte de los investigadores Castro Amaigenda y Herrera Delgado del CIDC en presencia del entrenador y los jefes del \u00e1rea por el CIDC H\u00e9ctor y Patricia Mart\u00ed.<\/li><li>Los entrenadores y dem\u00e1s personal responsable de estos equipos estuvieron conformes con el informe<\/li><\/ul>\n\n\n\n<p class=\"has-medium-font-size\"><strong>Actividades extras de car\u00e1cter cient\u00edfico \u2013 metodol\u00f3gico en la UCCFD<\/strong><\/p>\n\n\n\n<p class=\"has-medium-font-size\"><strong>1.\/ <\/strong>Participe en la reuni\u00f3n del departamento de los juegos deportivos de la universidad con la Federaci\u00f3n de voleibol, asunto: Puntos a tratar para la firma del convenio con la Escuela Nacional de Voleibol. Mayo 2021. Cumplido<\/p>\n\n\n\n<p class=\"has-medium-font-size\">2.\/ Revisi\u00f3n de un expediente de un docente para aspirar a Profesor Titular, entregado 08.03, terminado 11.03. Cumplido<\/p>\n\n\n\n<p class=\"has-medium-font-size\">3.\/ Reuni\u00f3n Tribunal de cambio de categor\u00eda mi\u00e9rcoles 17.03. Cumplido<\/p>\n\n\n\n<p class=\"has-medium-font-size\">4.\/ Tribunal de categor\u00eda docente. Mayo 2021. (cumplido)<\/p>\n\n\n\n<p class=\"has-medium-font-size\">5.\/ Confecci\u00f3n Diplomado MEDAC para la universidad de UDELAS-Panam\u00e1 (en curso, por la COVIC).<\/p>\n\n\n\n<p class=\"has-medium-font-size\">6.\/ Confecci\u00f3n del diplomado orientado por la direcci\u00f3n del CIDC (m\u00e1s tarde acord\u00f3 la propia direcci\u00f3n que no proced\u00eda por parte del centro)<\/p>\n\n\n\n<p class=\"has-medium-font-size\"><strong>Otras actividades cient\u00edficas relacionadas con la UCCFD<\/strong><\/p>\n\n\n\n<ol type=\"1\" class=\"has-medium-font-size wp-block-list\"><li>Atenci\u00f3n al doctorando Idalkis Segura Rodr\u00edguez. Confecci\u00f3n de la obra escrita para presentarse al taller final de tesis. Pre-defensa 07.07. 2021. 9am. Facultad Cultura F\u00edsica Holgu\u00edn. Resultado<\/li><li>Atenci\u00f3n al doctorando Lestter Fr\u00edas. Confecci\u00f3n de la obra escrita para presentarse al taller final de tesis. Pre-defensa 16.07.2021. 9am UCCFD. Resultado:<\/li><li>Atenci\u00f3n a la doctorante Carmen Milagros Salfran Vergara. Santiago de Cuba. Entrega de la tesis para la defensa de su obra. Defensa de la obra: 22.07.2021. Santiago de Cuba. V\u00eda On-line. Resultado:<\/li><\/ol>\n\n\n\n<p class=\"has-medium-font-size\"><strong>Proyecto cient\u00edfico.<\/strong><\/p>\n\n\n\n<p class=\"has-medium-font-size\">Desarrollo de la Potencia de Miembros Inferiores para el salto vertical. (PS242LH001-003) Responsabilidad. Jefe del proyecto. Evaluaci\u00f3n B<\/p>\n\n\n\n<p class=\"has-medium-font-size\">De la psicolog\u00eda a la Neurociencia. Jefa del proyecto. Dr. C. Liliana del Monte. <a>Soy Miembro. Sin tareas hasta el momento.<\/a><\/p>\n\n\n\n<p class=\"has-medium-font-size\">Jefa del proyecto Dra. Teresita Duany. Protocolos para la valoraci\u00f3n cardiorrespiratoria a trav\u00e9s de la Ergoespirometr\u00eda en el Deporte de Alto Rendimiento. (P14746LH01). Soy Miembro. Sin tareas hasta el momento.<\/p>\n\n\n\n<p class=\"has-medium-font-size\"><strong>&nbsp;<\/strong>Dr. C. Profesor e Investigador Titular.<\/p>\n\n\n\n<p class=\"has-medium-font-size\">\u00cddolo Gilberto Herrera Delgado.<\/p>\n\n\n\n<p><\/p>\n","protected":false},"excerpt":{"rendered":"<p>Investigador: Dr. C. \u00cddolo Gilberto Herrera Delgado. Profesor e Investigador Titular. CIDC. Departamento del Entrenamiento. L\u00edneas de investigaci\u00f3n que desarrolla<\/p>\n","protected":false},"author":1,"featured_media":0,"parent":0,"menu_order":0,"comment_status":"closed","ping_status":"closed","template":"","meta":{"_vp_format_video_url":"","_vp_image_focal_point":[],"footnotes":""},"class_list":["post-952","page","type-page","status-publish","hentry"],"_links":{"self":[{"href":"http:\/\/cidc.inder.gob.cu\/index.php\/wp-json\/wp\/v2\/pages\/952","targetHints":{"allow":["GET"]}}],"collection":[{"href":"http:\/\/cidc.inder.gob.cu\/index.php\/wp-json\/wp\/v2\/pages"}],"about":[{"href":"http:\/\/cidc.inder.gob.cu\/index.php\/wp-json\/wp\/v2\/types\/page"}],"author":[{"embeddable":true,"href":"http:\/\/cidc.inder.gob.cu\/index.php\/wp-json\/wp\/v2\/users\/1"}],"replies":[{"embeddable":true,"href":"http:\/\/cidc.inder.gob.cu\/index.php\/wp-json\/wp\/v2\/comments?post=952"}],"version-history":[{"count":2,"href":"http:\/\/cidc.inder.gob.cu\/index.php\/wp-json\/wp\/v2\/pages\/952\/revisions"}],"predecessor-version":[{"id":958,"href":"http:\/\/cidc.inder.gob.cu\/index.php\/wp-json\/wp\/v2\/pages\/952\/revisions\/958"}],"wp:attachment":[{"href":"http:\/\/cidc.inder.gob.cu\/index.php\/wp-json\/wp\/v2\/media?parent=952"}],"curies":[{"name":"wp","href":"https:\/\/api.w.org\/{rel}","templated":true}]}}